{"id":1815,"date":"2021-05-16T12:32:11","date_gmt":"2021-05-16T12:32:11","guid":{"rendered":"https:\/\/gaysaunabudapest.hu\/?page_id=1815"},"modified":"2025-01-11T18:14:20","modified_gmt":"2025-01-11T18:14:20","slug":"noche-de-sexo-desnudo","status":"publish","type":"page","link":"https:\/\/gaysaunabudapest.hu\/es\/noche-de-sexo-desnudo\/","title":{"rendered":"\u00a1NOCHE DE SEXO DESNUDO!"},"content":{"rendered":"<p><img decoding=\"async\" class=\"size-full wp-image-1936 alignright\" src=\"https:\/\/gaysaunabudapest.hu\/wp-content\/uploads\/2021\/05\/naked_idopont_nelkul.jpg\" alt=\"\" width=\"495\" height=\"228\" srcset=\"https:\/\/gaysaunabudapest.hu\/wp-content\/uploads\/2021\/05\/naked_idopont_nelkul.jpg 495w, https:\/\/gaysaunabudapest.hu\/wp-content\/uploads\/2021\/05\/naked_idopont_nelkul-300x138.jpg 300w\" sizes=\"(max-width: 495px) 100vw, 495px\" \/>Todos los s\u00e1bados relanzaremos nuestro evento Naked Night, a partir de las 19:00 horas, seg\u00fan las normas vigentes. D\u00e9jalo todo, \u00a1no necesitas ni ropa ni toallas! \u00a1D\u00e9jalos atr\u00e1s!<\/p>\n<p>\u00a1Muestra todo lo que tienes! En esta noche, bajaremos las luces para mantener las cosas un poco ocultas, pero a\u00fan as\u00ed emocionantes.<\/p>\n<p>Sin embargo, trae tus deseos, tus fetiches, s\u00e9 valiente, pero no tanto como para que los dem\u00e1s lo tomen como acoso. Ya sabes, \u00a1todo est\u00e1 permitido, pero nada es obligatorio!<\/p>\n","protected":false},"excerpt":{"rendered":"<p>Todos los s\u00e1bados relanzaremos nuestro evento Naked Night, a partir de las 19:00 horas, seg\u00fan las normas vigentes. D\u00e9jalo todo, \u00a1no necesitas ni ropa ni toallas! \u00a1D\u00e9jalos atr\u00e1s! \u00a1Muestra todo lo que tienes! En esta noche, bajaremos las luces para mantener las cosas un poco ocultas, pero a\u00fan as\u00ed emocionantes. Sin embargo, trae tus deseos, [&hellip;]<\/p>\n","protected":false},"author":2,"featured_media":0,"parent":0,"menu_order":0,"comment_status":"closed","ping_status":"closed","template":"","meta":{"_acf_changed":false,"footnotes":""},"class_list":["post-1815","page","type-page","status-publish","hentry"],"acf":[],"yoast_head":"<!-- This site is optimized with the Yoast SEO Premium plugin v26.2 (Yoast SEO v27.3) - https:\/\/yoast.com\/product\/yoast-seo-premium-wordpress\/ -->\n<title>\u00a1NOCHE DE SEXO DESNUDO! - Budapest Gay Sauna - Sauna69<\/title>\n<meta name=\"robots\" content=\"index, follow, max-snippet:-1, max-image-preview:large, max-video-preview:-1\" \/>\n<link rel=\"canonical\" href=\"https:\/\/gaysaunabudapest.hu\/es\/noche-de-sexo-desnudo\/\" \/>\n<meta property=\"og:locale\" content=\"es_ES\" \/>\n<meta property=\"og:type\" content=\"article\" \/>\n<meta property=\"og:title\" content=\"\u00a1NOCHE DE SEXO DESNUDO!\" \/>\n<meta property=\"og:description\" content=\"Todos los s\u00e1bados relanzaremos nuestro evento Naked Night, a partir de las 19:00 horas, seg\u00fan las normas vigentes. D\u00e9jalo todo, \u00a1no necesitas ni ropa ni toallas! \u00a1D\u00e9jalos atr\u00e1s! \u00a1Muestra todo lo que tienes! En esta noche, bajaremos las luces para mantener las cosas un poco ocultas, pero a\u00fan as\u00ed emocionantes. Sin embargo, trae tus deseos, [&hellip;]\" \/>\n<meta property=\"og:url\" content=\"https:\/\/gaysaunabudapest.hu\/es\/noche-de-sexo-desnudo\/\" \/>\n<meta property=\"og:site_name\" content=\"Budapest Gay Sauna - Sauna69\" \/>\n<meta property=\"article:modified_time\" content=\"2025-01-11T18:14:20+00:00\" \/>\n<meta property=\"og:image\" content=\"https:\/\/gaysaunabudapest.hu\/wp-content\/uploads\/2021\/05\/naked_idopont_nelkul.jpg\" \/>\n\t<meta property=\"og:image:width\" content=\"495\" \/>\n\t<meta property=\"og:image:height\" content=\"228\" \/>\n\t<meta property=\"og:image:type\" content=\"image\/jpeg\" \/>\n<meta name=\"twitter:card\" content=\"summary_large_image\" \/>\n<meta name=\"twitter:label1\" content=\"Tiempo de lectura\" \/>\n\t<meta name=\"twitter:data1\" content=\"1 minuto\" \/>\n<script type=\"application\/ld+json\" class=\"yoast-schema-graph\">{\"@context\":\"https:\\\/\\\/schema.org\",\"@graph\":[{\"@type\":\"WebPage\",\"@id\":\"https:\\\/\\\/gaysaunabudapest.hu\\\/es\\\/noche-de-sexo-desnudo\\\/\",\"url\":\"https:\\\/\\\/gaysaunabudapest.hu\\\/es\\\/noche-de-sexo-desnudo\\\/\",\"name\":\"\u00a1NOCHE DE SEXO DESNUDO! - Budapest Gay Sauna - Sauna69\",\"isPartOf\":{\"@id\":\"https:\\\/\\\/gaysaunabudapest.hu\\\/es\\\/#website\"},\"primaryImageOfPage\":{\"@id\":\"https:\\\/\\\/gaysaunabudapest.hu\\\/es\\\/noche-de-sexo-desnudo\\\/#primaryimage\"},\"image\":{\"@id\":\"https:\\\/\\\/gaysaunabudapest.hu\\\/es\\\/noche-de-sexo-desnudo\\\/#primaryimage\"},\"thumbnailUrl\":\"https:\\\/\\\/gaysaunabudapest.hu\\\/wp-content\\\/uploads\\\/2021\\\/05\\\/naked_idopont_nelkul.jpg\",\"datePublished\":\"2021-05-16T12:32:11+00:00\",\"dateModified\":\"2025-01-11T18:14:20+00:00\",\"breadcrumb\":{\"@id\":\"https:\\\/\\\/gaysaunabudapest.hu\\\/es\\\/noche-de-sexo-desnudo\\\/#breadcrumb\"},\"inLanguage\":\"es\",\"potentialAction\":[{\"@type\":\"ReadAction\",\"target\":[\"https:\\\/\\\/gaysaunabudapest.hu\\\/es\\\/noche-de-sexo-desnudo\\\/\"]}]},{\"@type\":\"ImageObject\",\"inLanguage\":\"es\",\"@id\":\"https:\\\/\\\/gaysaunabudapest.hu\\\/es\\\/noche-de-sexo-desnudo\\\/#primaryimage\",\"url\":\"https:\\\/\\\/gaysaunabudapest.hu\\\/wp-content\\\/uploads\\\/2021\\\/05\\\/naked_idopont_nelkul.jpg\",\"contentUrl\":\"https:\\\/\\\/gaysaunabudapest.hu\\\/wp-content\\\/uploads\\\/2021\\\/05\\\/naked_idopont_nelkul.jpg\"},{\"@type\":\"BreadcrumbList\",\"@id\":\"https:\\\/\\\/gaysaunabudapest.hu\\\/es\\\/noche-de-sexo-desnudo\\\/#breadcrumb\",\"itemListElement\":[{\"@type\":\"ListItem\",\"position\":1,\"name\":\"Home\",\"item\":\"https:\\\/\\\/gaysaunabudapest.hu\\\/es\\\/\"},{\"@type\":\"ListItem\",\"position\":2,\"name\":\"\u00a1NOCHE DE SEXO DESNUDO!\"}]},{\"@type\":\"WebSite\",\"@id\":\"https:\\\/\\\/gaysaunabudapest.hu\\\/es\\\/#website\",\"url\":\"https:\\\/\\\/gaysaunabudapest.hu\\\/es\\\/\",\"name\":\"Budapest Gay Sauna - Sauna69\",\"description\":\"\",\"potentialAction\":[{\"@type\":\"SearchAction\",\"target\":{\"@type\":\"EntryPoint\",\"urlTemplate\":\"https:\\\/\\\/gaysaunabudapest.hu\\\/es\\\/?s={search_term_string}\"},\"query-input\":{\"@type\":\"PropertyValueSpecification\",\"valueRequired\":true,\"valueName\":\"search_term_string\"}}],\"inLanguage\":\"es\"}]}<\/script>\n<!-- \/ Yoast SEO Premium plugin. -->","yoast_head_json":{"title":"\u00a1NOCHE DE SEXO DESNUDO! - Budapest Gay Sauna - Sauna69","robots":{"index":"index","follow":"follow","max-snippet":"max-snippet:-1","max-image-preview":"max-image-preview:large","max-video-preview":"max-video-preview:-1"},"canonical":"https:\/\/gaysaunabudapest.hu\/es\/noche-de-sexo-desnudo\/","og_locale":"es_ES","og_type":"article","og_title":"\u00a1NOCHE DE SEXO DESNUDO!","og_description":"Todos los s\u00e1bados relanzaremos nuestro evento Naked Night, a partir de las 19:00 horas, seg\u00fan las normas vigentes. D\u00e9jalo todo, \u00a1no necesitas ni ropa ni toallas! \u00a1D\u00e9jalos atr\u00e1s! \u00a1Muestra todo lo que tienes! En esta noche, bajaremos las luces para mantener las cosas un poco ocultas, pero a\u00fan as\u00ed emocionantes. Sin embargo, trae tus deseos, [&hellip;]","og_url":"https:\/\/gaysaunabudapest.hu\/es\/noche-de-sexo-desnudo\/","og_site_name":"Budapest Gay Sauna - Sauna69","article_modified_time":"2025-01-11T18:14:20+00:00","og_image":[{"width":495,"height":228,"url":"https:\/\/gaysaunabudapest.hu\/wp-content\/uploads\/2021\/05\/naked_idopont_nelkul.jpg","type":"image\/jpeg"}],"twitter_card":"summary_large_image","twitter_misc":{"Tiempo de lectura":"1 minuto"},"schema":{"@context":"https:\/\/schema.org","@graph":[{"@type":"WebPage","@id":"https:\/\/gaysaunabudapest.hu\/es\/noche-de-sexo-desnudo\/","url":"https:\/\/gaysaunabudapest.hu\/es\/noche-de-sexo-desnudo\/","name":"\u00a1NOCHE DE SEXO DESNUDO! - Budapest Gay Sauna - Sauna69","isPartOf":{"@id":"https:\/\/gaysaunabudapest.hu\/es\/#website"},"primaryImageOfPage":{"@id":"https:\/\/gaysaunabudapest.hu\/es\/noche-de-sexo-desnudo\/#primaryimage"},"image":{"@id":"https:\/\/gaysaunabudapest.hu\/es\/noche-de-sexo-desnudo\/#primaryimage"},"thumbnailUrl":"https:\/\/gaysaunabudapest.hu\/wp-content\/uploads\/2021\/05\/naked_idopont_nelkul.jpg","datePublished":"2021-05-16T12:32:11+00:00","dateModified":"2025-01-11T18:14:20+00:00","breadcrumb":{"@id":"https:\/\/gaysaunabudapest.hu\/es\/noche-de-sexo-desnudo\/#breadcrumb"},"inLanguage":"es","potentialAction":[{"@type":"ReadAction","target":["https:\/\/gaysaunabudapest.hu\/es\/noche-de-sexo-desnudo\/"]}]},{"@type":"ImageObject","inLanguage":"es","@id":"https:\/\/gaysaunabudapest.hu\/es\/noche-de-sexo-desnudo\/#primaryimage","url":"https:\/\/gaysaunabudapest.hu\/wp-content\/uploads\/2021\/05\/naked_idopont_nelkul.jpg","contentUrl":"https:\/\/gaysaunabudapest.hu\/wp-content\/uploads\/2021\/05\/naked_idopont_nelkul.jpg"},{"@type":"BreadcrumbList","@id":"https:\/\/gaysaunabudapest.hu\/es\/noche-de-sexo-desnudo\/#breadcrumb","itemListElement":[{"@type":"ListItem","position":1,"name":"Home","item":"https:\/\/gaysaunabudapest.hu\/es\/"},{"@type":"ListItem","position":2,"name":"\u00a1NOCHE DE SEXO DESNUDO!"}]},{"@type":"WebSite","@id":"https:\/\/gaysaunabudapest.hu\/es\/#website","url":"https:\/\/gaysaunabudapest.hu\/es\/","name":"Budapest Gay Sauna - Sauna69","description":"","potentialAction":[{"@type":"SearchAction","target":{"@type":"EntryPoint","urlTemplate":"https:\/\/gaysaunabudapest.hu\/es\/?s={search_term_string}"},"query-input":{"@type":"PropertyValueSpecification","valueRequired":true,"valueName":"search_term_string"}}],"inLanguage":"es"}]}},"_links":{"self":[{"href":"https:\/\/gaysaunabudapest.hu\/es\/wp-json\/wp\/v2\/pages\/1815","targetHints":{"allow":["GET"]}}],"collection":[{"href":"https:\/\/gaysaunabudapest.hu\/es\/wp-json\/wp\/v2\/pages"}],"about":[{"href":"https:\/\/gaysaunabudapest.hu\/es\/wp-json\/wp\/v2\/types\/page"}],"author":[{"embeddable":true,"href":"https:\/\/gaysaunabudapest.hu\/es\/wp-json\/wp\/v2\/users\/2"}],"replies":[{"embeddable":true,"href":"https:\/\/gaysaunabudapest.hu\/es\/wp-json\/wp\/v2\/comments?post=1815"}],"version-history":[{"count":6,"href":"https:\/\/gaysaunabudapest.hu\/es\/wp-json\/wp\/v2\/pages\/1815\/revisions"}],"predecessor-version":[{"id":4031,"href":"https:\/\/gaysaunabudapest.hu\/es\/wp-json\/wp\/v2\/pages\/1815\/revisions\/4031"}],"wp:attachment":[{"href":"https:\/\/gaysaunabudapest.hu\/es\/wp-json\/wp\/v2\/media?parent=1815"}],"curies":[{"name":"wp","href":"https:\/\/api.w.org\/{rel}","templated":true}]}}