{"id":1827,"date":"2021-05-16T17:29:14","date_gmt":"2021-05-16T17:29:14","guid":{"rendered":"https:\/\/gaysaunabudapest.hu\/?page_id=1827"},"modified":"2021-05-16T17:29:14","modified_gmt":"2021-05-16T17:29:14","slug":"ingyenes-hiv-teszteles","status":"publish","type":"page","link":"https:\/\/gaysaunabudapest.hu\/es\/ingyenes-hiv-teszteles\/","title":{"rendered":"Ingyenes HIV tesztel\u00e9s!"},"content":{"rendered":"<p>Hossz\u00fa kihagy\u00e1s ut\u00e1n ism\u00e9telten lesz n\u00e1lunk sz\u0171r\u00e9s a Pozit\u00edv \u00c9let alap\u00edtv\u00e1ny j\u00f3volt\u00e1b\u00f3l.<\/p>\n<p>M\u00e1jus 27-\u00e9n 19 \u00f3r\u00e1t\u00f3l 21 \u00f3r\u00e1ig HIV \u00e9s szifilisz sz\u0171r\u00e9ssel v\u00e1rnak benneteket az alap\u00edtv\u00e1ny \u00f6nk\u00e9ntesei. Az eredm\u00e9nyek 20 percen bel\u00fcl k\u00e9szen vannak.<\/p>\n<p>Abban az esetben ha r\u00e9sztveszel a sz\u0171r\u00e9sen, egy ingyenes bel\u00e9p\u0151t adunk aj\u00e1nd\u00e9kba, melyet h\u00e9tf\u0151n, kedden, szerd\u00e1n vagy cs\u00fct\u00f6rt\u00f6k\u00f6n tudsz felhaszn\u00e1lni, id\u0151korl\u00e1t n\u00e9lk\u00fcl.<\/p>\n<p>Az ingyenes bel\u00e9p\u0151 csak a teszt eredm\u00e9ny\u00e9vel egy\u00fctt vehet\u0151 \u00e1t.<\/p>\n<p>A sz\u0171r\u00e9s anonym \u00e9s ingyenes. Csak vend\u00e9geknek!<\/p>\n","protected":false},"excerpt":{"rendered":"<p>Hossz\u00fa kihagy\u00e1s ut\u00e1n ism\u00e9telten lesz n\u00e1lunk sz\u0171r\u00e9s a Pozit\u00edv \u00c9let alap\u00edtv\u00e1ny j\u00f3volt\u00e1b\u00f3l. M\u00e1jus 27-\u00e9n 19 \u00f3r\u00e1t\u00f3l 21 \u00f3r\u00e1ig HIV \u00e9s szifilisz sz\u0171r\u00e9ssel v\u00e1rnak benneteket az alap\u00edtv\u00e1ny \u00f6nk\u00e9ntesei. Az eredm\u00e9nyek 20 percen bel\u00fcl k\u00e9szen vannak. Abban az esetben ha r\u00e9sztveszel a sz\u0171r\u00e9sen, egy ingyenes bel\u00e9p\u0151t adunk aj\u00e1nd\u00e9kba, melyet h\u00e9tf\u0151n, kedden, szerd\u00e1n vagy cs\u00fct\u00f6rt\u00f6k\u00f6n tudsz felhaszn\u00e1lni, id\u0151korl\u00e1t [&hellip;]<\/p>\n","protected":false},"author":2,"featured_media":0,"parent":0,"menu_order":0,"comment_status":"closed","ping_status":"closed","template":"","meta":{"_acf_changed":false,"footnotes":""},"class_list":["post-1827","page","type-page","status-publish","hentry"],"acf":[],"yoast_head":"<!-- This site is optimized with the Yoast SEO Premium plugin v26.2 (Yoast SEO v27.4) - https:\/\/yoast.com\/product\/yoast-seo-premium-wordpress\/ -->\n<title>Ingyenes HIV tesztel\u00e9s! - Budapest Gay Sauna - Sauna69<\/title>\n<meta name=\"robots\" content=\"index, follow, max-snippet:-1, max-image-preview:large, max-video-preview:-1\" \/>\n<link rel=\"canonical\" href=\"https:\/\/gaysaunabudapest.hu\/es\/ingyenes-hiv-teszteles\/\" \/>\n<meta property=\"og:locale\" content=\"es_ES\" \/>\n<meta property=\"og:type\" content=\"article\" \/>\n<meta property=\"og:title\" content=\"Ingyenes HIV tesztel\u00e9s!\" \/>\n<meta property=\"og:description\" content=\"Hossz\u00fa kihagy\u00e1s ut\u00e1n ism\u00e9telten lesz n\u00e1lunk sz\u0171r\u00e9s a Pozit\u00edv \u00c9let alap\u00edtv\u00e1ny j\u00f3volt\u00e1b\u00f3l. M\u00e1jus 27-\u00e9n 19 \u00f3r\u00e1t\u00f3l 21 \u00f3r\u00e1ig HIV \u00e9s szifilisz sz\u0171r\u00e9ssel v\u00e1rnak benneteket az alap\u00edtv\u00e1ny \u00f6nk\u00e9ntesei. Az eredm\u00e9nyek 20 percen bel\u00fcl k\u00e9szen vannak. Abban az esetben ha r\u00e9sztveszel a sz\u0171r\u00e9sen, egy ingyenes bel\u00e9p\u0151t adunk aj\u00e1nd\u00e9kba, melyet h\u00e9tf\u0151n, kedden, szerd\u00e1n vagy cs\u00fct\u00f6rt\u00f6k\u00f6n tudsz felhaszn\u00e1lni, id\u0151korl\u00e1t [&hellip;]\" \/>\n<meta property=\"og:url\" content=\"https:\/\/gaysaunabudapest.hu\/es\/ingyenes-hiv-teszteles\/\" \/>\n<meta property=\"og:site_name\" content=\"Budapest Gay Sauna - Sauna69\" \/>\n<meta name=\"twitter:card\" content=\"summary_large_image\" \/>\n<meta name=\"twitter:label1\" content=\"Tiempo de lectura\" \/>\n\t<meta name=\"twitter:data1\" content=\"1 minuto\" \/>\n<script type=\"application\/ld+json\" class=\"yoast-schema-graph\">{\"@context\":\"https:\\\/\\\/schema.org\",\"@graph\":[{\"@type\":\"WebPage\",\"@id\":\"https:\\\/\\\/gaysaunabudapest.hu\\\/es\\\/ingyenes-hiv-teszteles\\\/\",\"url\":\"https:\\\/\\\/gaysaunabudapest.hu\\\/es\\\/ingyenes-hiv-teszteles\\\/\",\"name\":\"Ingyenes HIV tesztel\u00e9s! - Budapest Gay Sauna - Sauna69\",\"isPartOf\":{\"@id\":\"https:\\\/\\\/gaysaunabudapest.hu\\\/es\\\/#website\"},\"datePublished\":\"2021-05-16T17:29:14+00:00\",\"breadcrumb\":{\"@id\":\"https:\\\/\\\/gaysaunabudapest.hu\\\/es\\\/ingyenes-hiv-teszteles\\\/#breadcrumb\"},\"inLanguage\":\"es\",\"potentialAction\":[{\"@type\":\"ReadAction\",\"target\":[\"https:\\\/\\\/gaysaunabudapest.hu\\\/es\\\/ingyenes-hiv-teszteles\\\/\"]}]},{\"@type\":\"BreadcrumbList\",\"@id\":\"https:\\\/\\\/gaysaunabudapest.hu\\\/es\\\/ingyenes-hiv-teszteles\\\/#breadcrumb\",\"itemListElement\":[{\"@type\":\"ListItem\",\"position\":1,\"name\":\"Home\",\"item\":\"https:\\\/\\\/gaysaunabudapest.hu\\\/es\\\/\"},{\"@type\":\"ListItem\",\"position\":2,\"name\":\"Ingyenes HIV tesztel\u00e9s!\"}]},{\"@type\":\"WebSite\",\"@id\":\"https:\\\/\\\/gaysaunabudapest.hu\\\/es\\\/#website\",\"url\":\"https:\\\/\\\/gaysaunabudapest.hu\\\/es\\\/\",\"name\":\"Budapest Gay Sauna - Sauna69\",\"description\":\"\",\"potentialAction\":[{\"@type\":\"SearchAction\",\"target\":{\"@type\":\"EntryPoint\",\"urlTemplate\":\"https:\\\/\\\/gaysaunabudapest.hu\\\/es\\\/?s={search_term_string}\"},\"query-input\":{\"@type\":\"PropertyValueSpecification\",\"valueRequired\":true,\"valueName\":\"search_term_string\"}}],\"inLanguage\":\"es\"}]}<\/script>\n<!-- \/ Yoast SEO Premium plugin. -->","yoast_head_json":{"title":"Ingyenes HIV tesztel\u00e9s! - Budapest Gay Sauna - Sauna69","robots":{"index":"index","follow":"follow","max-snippet":"max-snippet:-1","max-image-preview":"max-image-preview:large","max-video-preview":"max-video-preview:-1"},"canonical":"https:\/\/gaysaunabudapest.hu\/es\/ingyenes-hiv-teszteles\/","og_locale":"es_ES","og_type":"article","og_title":"Ingyenes HIV tesztel\u00e9s!","og_description":"Hossz\u00fa kihagy\u00e1s ut\u00e1n ism\u00e9telten lesz n\u00e1lunk sz\u0171r\u00e9s a Pozit\u00edv \u00c9let alap\u00edtv\u00e1ny j\u00f3volt\u00e1b\u00f3l. M\u00e1jus 27-\u00e9n 19 \u00f3r\u00e1t\u00f3l 21 \u00f3r\u00e1ig HIV \u00e9s szifilisz sz\u0171r\u00e9ssel v\u00e1rnak benneteket az alap\u00edtv\u00e1ny \u00f6nk\u00e9ntesei. Az eredm\u00e9nyek 20 percen bel\u00fcl k\u00e9szen vannak. Abban az esetben ha r\u00e9sztveszel a sz\u0171r\u00e9sen, egy ingyenes bel\u00e9p\u0151t adunk aj\u00e1nd\u00e9kba, melyet h\u00e9tf\u0151n, kedden, szerd\u00e1n vagy cs\u00fct\u00f6rt\u00f6k\u00f6n tudsz felhaszn\u00e1lni, id\u0151korl\u00e1t [&hellip;]","og_url":"https:\/\/gaysaunabudapest.hu\/es\/ingyenes-hiv-teszteles\/","og_site_name":"Budapest Gay Sauna - Sauna69","twitter_card":"summary_large_image","twitter_misc":{"Tiempo de lectura":"1 minuto"},"schema":{"@context":"https:\/\/schema.org","@graph":[{"@type":"WebPage","@id":"https:\/\/gaysaunabudapest.hu\/es\/ingyenes-hiv-teszteles\/","url":"https:\/\/gaysaunabudapest.hu\/es\/ingyenes-hiv-teszteles\/","name":"Ingyenes HIV tesztel\u00e9s! - Budapest Gay Sauna - Sauna69","isPartOf":{"@id":"https:\/\/gaysaunabudapest.hu\/es\/#website"},"datePublished":"2021-05-16T17:29:14+00:00","breadcrumb":{"@id":"https:\/\/gaysaunabudapest.hu\/es\/ingyenes-hiv-teszteles\/#breadcrumb"},"inLanguage":"es","potentialAction":[{"@type":"ReadAction","target":["https:\/\/gaysaunabudapest.hu\/es\/ingyenes-hiv-teszteles\/"]}]},{"@type":"BreadcrumbList","@id":"https:\/\/gaysaunabudapest.hu\/es\/ingyenes-hiv-teszteles\/#breadcrumb","itemListElement":[{"@type":"ListItem","position":1,"name":"Home","item":"https:\/\/gaysaunabudapest.hu\/es\/"},{"@type":"ListItem","position":2,"name":"Ingyenes HIV tesztel\u00e9s!"}]},{"@type":"WebSite","@id":"https:\/\/gaysaunabudapest.hu\/es\/#website","url":"https:\/\/gaysaunabudapest.hu\/es\/","name":"Budapest Gay Sauna - Sauna69","description":"","potentialAction":[{"@type":"SearchAction","target":{"@type":"EntryPoint","urlTemplate":"https:\/\/gaysaunabudapest.hu\/es\/?s={search_term_string}"},"query-input":{"@type":"PropertyValueSpecification","valueRequired":true,"valueName":"search_term_string"}}],"inLanguage":"es"}]}},"_links":{"self":[{"href":"https:\/\/gaysaunabudapest.hu\/es\/wp-json\/wp\/v2\/pages\/1827","targetHints":{"allow":["GET"]}}],"collection":[{"href":"https:\/\/gaysaunabudapest.hu\/es\/wp-json\/wp\/v2\/pages"}],"about":[{"href":"https:\/\/gaysaunabudapest.hu\/es\/wp-json\/wp\/v2\/types\/page"}],"author":[{"embeddable":true,"href":"https:\/\/gaysaunabudapest.hu\/es\/wp-json\/wp\/v2\/users\/2"}],"replies":[{"embeddable":true,"href":"https:\/\/gaysaunabudapest.hu\/es\/wp-json\/wp\/v2\/comments?post=1827"}],"version-history":[{"count":1,"href":"https:\/\/gaysaunabudapest.hu\/es\/wp-json\/wp\/v2\/pages\/1827\/revisions"}],"predecessor-version":[{"id":1828,"href":"https:\/\/gaysaunabudapest.hu\/es\/wp-json\/wp\/v2\/pages\/1827\/revisions\/1828"}],"wp:attachment":[{"href":"https:\/\/gaysaunabudapest.hu\/es\/wp-json\/wp\/v2\/media?parent=1827"}],"curies":[{"name":"wp","href":"https:\/\/api.w.org\/{rel}","templated":true}]}}