{"id":868,"date":"2016-07-10T17:05:28","date_gmt":"2016-07-10T15:05:28","guid":{"rendered":"https:\/\/gaysaunabudapest.hu\/masszazs\/"},"modified":"2020-01-17T18:27:36","modified_gmt":"2020-01-17T18:27:36","slug":"masaje","status":"publish","type":"page","link":"https:\/\/gaysaunabudapest.hu\/es\/masaje\/","title":{"rendered":"Masaje"},"content":{"rendered":"<p><a href=\"https:\/\/gaysauna.hu\/wp-content\/uploads\/2016\/07\/masszazs-300.jpg\"><img decoding=\"async\" class=\"alignleft size-gallery wp-image-169\" src=\"https:\/\/gaysauna.hu\/wp-content\/uploads\/2016\/07\/masszazs-300-250x250.jpg\" alt=\"masszazs-300\" width=\"250\" height=\"250\" srcset=\"https:\/\/gaysaunabudapest.hu\/wp-content\/uploads\/2016\/07\/masszazs-300-250x250.jpg 250w, https:\/\/gaysaunabudapest.hu\/wp-content\/uploads\/2016\/07\/masszazs-300-150x150.jpg 150w\" sizes=\"(max-width: 250px) 100vw, 250px\" \/><\/a>Si ya ha disfrutado de la experiencia agradable ya sabe qu\u00e9 fenomenal estado genaral puede darle. Los que a\u00fan no han tenido tales experiencias ya es hora de probarlo!<\/p>\n<p>Nuestra sociedad moderna no provee de muchos bienes materiales en el mismo tiempo la vida estresante y agitada conjunto con la p\u00e9rdida del balance spiritual y f\u00edsico nos hace imposible mantener la felicidad y satisfaci\u00f3n general.<\/p>\n<p>El estr\u00e9s provocado por nuestra vida moderna, la preocupaci\u00f3n, la falta de ejercicios f\u00edsicos, la postura incorrecta y la carga corporal desigual provoca tonos musculares asim\u00e9tricos. La tensi\u00f3n sostenida de los m\u00fasculos del cuello y de los hombros nos inhibe el flujo de sangre al cerebro, lo que resulta en un debilitamiento de las funciones intelectuales, la depresi\u00f3n, la fatiga, y la reducci\u00f3n de la impulsividad tolerancia.<\/p>\n<p>El masaje es uno de los m\u00e9todos m\u00e1s antiguos y mejores naturales (sin efectos secundarios adversos) para la prevenci\u00f3n y cura de enfermedades. La terapia de masaje no s\u00f3lo refresca los m\u00fasculos, la piel y la circulaci\u00f3n sangu\u00ednea, pero tiene un asombroso efecto al sistema nervioso.<\/p>\n<p>El masaje activa el sistema nervioso parasimp\u00e1tico para compensar las respuestas negativas dadas por el cuerpo al estr\u00e9s, disolve la tensi\u00f3n no deseada en los m\u00fasculos, permite que el ritmo card\u00edaco sea normal, la presi\u00f3n arterial y la circulaci\u00f3n se restablezca. No se olvide tiene s\u00f3lo un cuerpo. Cu\u00eddelo!<\/p>\n<h2>Masaje sueco<\/h2>\n<p>(refrescante, relajante, resuelve el estr\u00e9s)<\/p>\n<p>El tipos m\u00e1s comun de masaje occidental. El dise\u00f1o original de este masaje combina ejercicios corporales y masajes. El masajista refresca el cuerpo con movimientos vibrantes frotando y amasandolo. Los efectos f\u00edsicos y neurohormonales promueve la curaci\u00f3n de posibles enfermedades. Con el fin de mejorar la circulaci\u00f3n sangu\u00ednea y la digesti\u00f3n, seg\u00fan el m\u00e9todo convencional, el paciente tambi\u00e9n tiene que hacer un poco de ejercicio f\u00edsico, sin embargo sin hacerlo tambi\u00e9n puede lograr resultados excelentes.<\/p>\n<p>Reduce el dolor (por ejemplo, dolores de cabeza), acelera la recuperaci\u00f3n despu\u00e9s de lesiones, previene la atrofia de los m\u00fasculos en desuso, alivia el insomnio, mejora el estado de alerta, pero sobre todo, promueve la relajaci\u00f3n y reduce el efecto de la tensi\u00f3n.<\/p>\n<h2>Masaje deportivo<\/h2>\n<p>(de tejido profundo, potente, mejora la agilidad y rendimiento)<\/p>\n<p>Usted no tiene que ser atleta ol\u00edmpico para aprovechar el excelente efecto de masaje deportivo profundo del tejido. Cualquier persona puede aprovecharlo para incrementar la agilidad, relajar los m\u00fasculos, aliviar hinchazones musculares o eliminar el dolor durante la curaci\u00f3n de rehabilitaci\u00f3n despu\u00e9s de una lesi\u00f3n para recuperar el movimiento completo. Mejora el rendimiento y tiene un efecto calmante a los atletas. El masaje pre-ejercicio en forma superior mantiene la flexibilidad de los m\u00fasculos, reducir la rigidez y aumentar la capacidad. Despu\u00e9s del ejercicio este masaje alivia la tensi\u00f3n muscular y con la eliminaci\u00f3n del \u00e1cido l\u00e1ctico protege al atleta del dolor muscular.<\/p>\n","protected":false},"excerpt":{"rendered":"<p>Si ya ha disfrutado de la experiencia agradable ya sabe qu\u00e9 fenomenal estado genaral puede darle. Los que a\u00fan no han tenido tales experiencias ya es hora de probarlo! Nuestra sociedad moderna no provee de muchos bienes materiales en el mismo tiempo la vida estresante y agitada conjunto con la p\u00e9rdida del balance spiritual y [&hellip;]<\/p>\n","protected":false},"author":1,"featured_media":0,"parent":0,"menu_order":0,"comment_status":"closed","ping_status":"closed","template":"","meta":{"_acf_changed":false,"footnotes":""},"class_list":["post-868","page","type-page","status-publish","hentry"],"acf":[],"yoast_head":"<!-- This site is optimized with the Yoast SEO Premium plugin v26.2 (Yoast SEO v27.4) - https:\/\/yoast.com\/product\/yoast-seo-premium-wordpress\/ -->\n<title>Masaje - Budapest Gay Sauna - Sauna69<\/title>\n<meta name=\"robots\" content=\"index, follow, max-snippet:-1, max-image-preview:large, max-video-preview:-1\" \/>\n<link rel=\"canonical\" href=\"https:\/\/gaysaunabudapest.hu\/es\/masaje\/\" \/>\n<meta property=\"og:locale\" content=\"es_ES\" \/>\n<meta property=\"og:type\" content=\"article\" \/>\n<meta property=\"og:title\" content=\"Masaje\" \/>\n<meta property=\"og:description\" content=\"Si ya ha disfrutado de la experiencia agradable ya sabe qu\u00e9 fenomenal estado genaral puede darle. Los que a\u00fan no han tenido tales experiencias ya es hora de probarlo! Nuestra sociedad moderna no provee de muchos bienes materiales en el mismo tiempo la vida estresante y agitada conjunto con la p\u00e9rdida del balance spiritual y [&hellip;]\" \/>\n<meta property=\"og:url\" content=\"https:\/\/gaysaunabudapest.hu\/es\/masaje\/\" \/>\n<meta property=\"og:site_name\" content=\"Budapest Gay Sauna - Sauna69\" \/>\n<meta property=\"article:modified_time\" content=\"2020-01-17T18:27:36+00:00\" \/>\n<meta property=\"og:image\" content=\"https:\/\/gaysauna.hu\/wp-content\/uploads\/2016\/07\/masszazs-300-250x250.jpg\" \/>\n<meta name=\"twitter:card\" content=\"summary_large_image\" \/>\n<meta name=\"twitter:label1\" content=\"Tiempo de lectura\" \/>\n\t<meta name=\"twitter:data1\" content=\"3 minutos\" \/>\n<script type=\"application\/ld+json\" class=\"yoast-schema-graph\">{\"@context\":\"https:\\\/\\\/schema.org\",\"@graph\":[{\"@type\":\"WebPage\",\"@id\":\"https:\\\/\\\/gaysaunabudapest.hu\\\/es\\\/masaje\\\/\",\"url\":\"https:\\\/\\\/gaysaunabudapest.hu\\\/es\\\/masaje\\\/\",\"name\":\"Masaje - Budapest Gay Sauna - Sauna69\",\"isPartOf\":{\"@id\":\"https:\\\/\\\/gaysaunabudapest.hu\\\/es\\\/#website\"},\"primaryImageOfPage\":{\"@id\":\"https:\\\/\\\/gaysaunabudapest.hu\\\/es\\\/masaje\\\/#primaryimage\"},\"image\":{\"@id\":\"https:\\\/\\\/gaysaunabudapest.hu\\\/es\\\/masaje\\\/#primaryimage\"},\"thumbnailUrl\":\"https:\\\/\\\/gaysauna.hu\\\/wp-content\\\/uploads\\\/2016\\\/07\\\/masszazs-300-250x250.jpg\",\"datePublished\":\"2016-07-10T15:05:28+00:00\",\"dateModified\":\"2020-01-17T18:27:36+00:00\",\"breadcrumb\":{\"@id\":\"https:\\\/\\\/gaysaunabudapest.hu\\\/es\\\/masaje\\\/#breadcrumb\"},\"inLanguage\":\"es\",\"potentialAction\":[{\"@type\":\"ReadAction\",\"target\":[\"https:\\\/\\\/gaysaunabudapest.hu\\\/es\\\/masaje\\\/\"]}]},{\"@type\":\"ImageObject\",\"inLanguage\":\"es\",\"@id\":\"https:\\\/\\\/gaysaunabudapest.hu\\\/es\\\/masaje\\\/#primaryimage\",\"url\":\"https:\\\/\\\/gaysauna.hu\\\/wp-content\\\/uploads\\\/2016\\\/07\\\/masszazs-300-250x250.jpg\",\"contentUrl\":\"https:\\\/\\\/gaysauna.hu\\\/wp-content\\\/uploads\\\/2016\\\/07\\\/masszazs-300-250x250.jpg\"},{\"@type\":\"BreadcrumbList\",\"@id\":\"https:\\\/\\\/gaysaunabudapest.hu\\\/es\\\/masaje\\\/#breadcrumb\",\"itemListElement\":[{\"@type\":\"ListItem\",\"position\":1,\"name\":\"Home\",\"item\":\"https:\\\/\\\/gaysaunabudapest.hu\\\/es\\\/\"},{\"@type\":\"ListItem\",\"position\":2,\"name\":\"Masaje\"}]},{\"@type\":\"WebSite\",\"@id\":\"https:\\\/\\\/gaysaunabudapest.hu\\\/es\\\/#website\",\"url\":\"https:\\\/\\\/gaysaunabudapest.hu\\\/es\\\/\",\"name\":\"Budapest Gay Sauna - Sauna69\",\"description\":\"\",\"potentialAction\":[{\"@type\":\"SearchAction\",\"target\":{\"@type\":\"EntryPoint\",\"urlTemplate\":\"https:\\\/\\\/gaysaunabudapest.hu\\\/es\\\/?s={search_term_string}\"},\"query-input\":{\"@type\":\"PropertyValueSpecification\",\"valueRequired\":true,\"valueName\":\"search_term_string\"}}],\"inLanguage\":\"es\"}]}<\/script>\n<!-- \/ Yoast SEO Premium plugin. -->","yoast_head_json":{"title":"Masaje - Budapest Gay Sauna - Sauna69","robots":{"index":"index","follow":"follow","max-snippet":"max-snippet:-1","max-image-preview":"max-image-preview:large","max-video-preview":"max-video-preview:-1"},"canonical":"https:\/\/gaysaunabudapest.hu\/es\/masaje\/","og_locale":"es_ES","og_type":"article","og_title":"Masaje","og_description":"Si ya ha disfrutado de la experiencia agradable ya sabe qu\u00e9 fenomenal estado genaral puede darle. Los que a\u00fan no han tenido tales experiencias ya es hora de probarlo! Nuestra sociedad moderna no provee de muchos bienes materiales en el mismo tiempo la vida estresante y agitada conjunto con la p\u00e9rdida del balance spiritual y [&hellip;]","og_url":"https:\/\/gaysaunabudapest.hu\/es\/masaje\/","og_site_name":"Budapest Gay Sauna - Sauna69","article_modified_time":"2020-01-17T18:27:36+00:00","og_image":[{"url":"https:\/\/gaysauna.hu\/wp-content\/uploads\/2016\/07\/masszazs-300-250x250.jpg","type":"","width":"","height":""}],"twitter_card":"summary_large_image","twitter_misc":{"Tiempo de lectura":"3 minutos"},"schema":{"@context":"https:\/\/schema.org","@graph":[{"@type":"WebPage","@id":"https:\/\/gaysaunabudapest.hu\/es\/masaje\/","url":"https:\/\/gaysaunabudapest.hu\/es\/masaje\/","name":"Masaje - Budapest Gay Sauna - Sauna69","isPartOf":{"@id":"https:\/\/gaysaunabudapest.hu\/es\/#website"},"primaryImageOfPage":{"@id":"https:\/\/gaysaunabudapest.hu\/es\/masaje\/#primaryimage"},"image":{"@id":"https:\/\/gaysaunabudapest.hu\/es\/masaje\/#primaryimage"},"thumbnailUrl":"https:\/\/gaysauna.hu\/wp-content\/uploads\/2016\/07\/masszazs-300-250x250.jpg","datePublished":"2016-07-10T15:05:28+00:00","dateModified":"2020-01-17T18:27:36+00:00","breadcrumb":{"@id":"https:\/\/gaysaunabudapest.hu\/es\/masaje\/#breadcrumb"},"inLanguage":"es","potentialAction":[{"@type":"ReadAction","target":["https:\/\/gaysaunabudapest.hu\/es\/masaje\/"]}]},{"@type":"ImageObject","inLanguage":"es","@id":"https:\/\/gaysaunabudapest.hu\/es\/masaje\/#primaryimage","url":"https:\/\/gaysauna.hu\/wp-content\/uploads\/2016\/07\/masszazs-300-250x250.jpg","contentUrl":"https:\/\/gaysauna.hu\/wp-content\/uploads\/2016\/07\/masszazs-300-250x250.jpg"},{"@type":"BreadcrumbList","@id":"https:\/\/gaysaunabudapest.hu\/es\/masaje\/#breadcrumb","itemListElement":[{"@type":"ListItem","position":1,"name":"Home","item":"https:\/\/gaysaunabudapest.hu\/es\/"},{"@type":"ListItem","position":2,"name":"Masaje"}]},{"@type":"WebSite","@id":"https:\/\/gaysaunabudapest.hu\/es\/#website","url":"https:\/\/gaysaunabudapest.hu\/es\/","name":"Budapest Gay Sauna - Sauna69","description":"","potentialAction":[{"@type":"SearchAction","target":{"@type":"EntryPoint","urlTemplate":"https:\/\/gaysaunabudapest.hu\/es\/?s={search_term_string}"},"query-input":{"@type":"PropertyValueSpecification","valueRequired":true,"valueName":"search_term_string"}}],"inLanguage":"es"}]}},"_links":{"self":[{"href":"https:\/\/gaysaunabudapest.hu\/es\/wp-json\/wp\/v2\/pages\/868","targetHints":{"allow":["GET"]}}],"collection":[{"href":"https:\/\/gaysaunabudapest.hu\/es\/wp-json\/wp\/v2\/pages"}],"about":[{"href":"https:\/\/gaysaunabudapest.hu\/es\/wp-json\/wp\/v2\/types\/page"}],"author":[{"embeddable":true,"href":"https:\/\/gaysaunabudapest.hu\/es\/wp-json\/wp\/v2\/users\/1"}],"replies":[{"embeddable":true,"href":"https:\/\/gaysaunabudapest.hu\/es\/wp-json\/wp\/v2\/comments?post=868"}],"version-history":[{"count":1,"href":"https:\/\/gaysaunabudapest.hu\/es\/wp-json\/wp\/v2\/pages\/868\/revisions"}],"predecessor-version":[{"id":962,"href":"https:\/\/gaysaunabudapest.hu\/es\/wp-json\/wp\/v2\/pages\/868\/revisions\/962"}],"wp:attachment":[{"href":"https:\/\/gaysaunabudapest.hu\/es\/wp-json\/wp\/v2\/media?parent=868"}],"curies":[{"name":"wp","href":"https:\/\/api.w.org\/{rel}","templated":true}]}}