{"id":896,"date":"2016-07-10T17:13:20","date_gmt":"2016-07-10T15:13:20","guid":{"rendered":"https:\/\/gaysaunabudapest.hu\/kapcsolat\/"},"modified":"2024-06-03T19:26:40","modified_gmt":"2024-06-03T19:26:40","slug":"contacto","status":"publish","type":"page","link":"https:\/\/gaysaunabudapest.hu\/es\/contacto\/","title":{"rendered":"Contacto\/Horario"},"content":{"rendered":"<h3>TEL\u00c9FONO<br \/>\n<span style=\"font-size: 35px; color: #fff;\">+36.1.210.1751<\/span><\/h3>\n<h3>ESCR\u00cdBENOS!<\/h3>\n\n<div class=\"wpcf7 no-js\" id=\"wpcf7-f241-o1\" lang=\"es-ES\" dir=\"ltr\" data-wpcf7-id=\"241\">\n<div class=\"screen-reader-response\"><p role=\"status\" aria-live=\"polite\" aria-atomic=\"true\"><\/p> <ul><\/ul><\/div>\n<form action=\"\/es\/wp-json\/wp\/v2\/pages\/896#wpcf7-f241-o1\" method=\"post\" class=\"wpcf7-form init\" aria-label=\"Formulario de contacto\" novalidate=\"novalidate\" data-status=\"init\">\n<fieldset class=\"hidden-fields-container\"><input type=\"hidden\" name=\"_wpcf7\" value=\"241\" \/><input type=\"hidden\" name=\"_wpcf7_version\" value=\"6.1.5\" \/><input type=\"hidden\" name=\"_wpcf7_locale\" value=\"es_ES\" \/><input type=\"hidden\" name=\"_wpcf7_unit_tag\" value=\"wpcf7-f241-o1\" \/><input type=\"hidden\" name=\"_wpcf7_container_post\" value=\"0\" \/><input type=\"hidden\" name=\"_wpcf7_posted_data_hash\" value=\"\" \/><input type=\"hidden\" name=\"_wpcf7_recaptcha_response\" value=\"\" \/>\n<\/fieldset>\n<p><span class=\"wpcf7-form-control-wrap\" data-name=\"your-name\"><input size=\"40\" maxlength=\"400\" class=\"wpcf7-form-control wpcf7-text wpcf7-validates-as-required\" aria-required=\"true\" aria-invalid=\"false\" placeholder=\"Nombre\" value=\"\" type=\"text\" name=\"your-name\" \/><\/span>\n<\/p>\n<p><span class=\"wpcf7-form-control-wrap\" data-name=\"your-email\"><input size=\"40\" maxlength=\"400\" class=\"wpcf7-form-control wpcf7-email wpcf7-validates-as-required wpcf7-text wpcf7-validates-as-email\" aria-required=\"true\" aria-invalid=\"false\" placeholder=\"Direcci\u00f3n de E-mail\" value=\"\" type=\"email\" name=\"your-email\" \/><\/span>\n<\/p>\n<p><span class=\"wpcf7-form-control-wrap\" data-name=\"your-message\"><textarea cols=\"40\" rows=\"10\" maxlength=\"2000\" class=\"wpcf7-form-control wpcf7-textarea\" aria-invalid=\"false\" placeholder=\"Mensaje\" name=\"your-message\"><\/textarea><\/span>\n<\/p>\n<p><span class=\"wpcf7-form-control-wrap\" data-name=\"quiz-435\"><label><span class=\"wpcf7-quiz-label\">1+1=?<\/span> <input size=\"40\" maxlength=\"1\" class=\"wpcf7-form-control wpcf7-quiz\" autocomplete=\"off\" aria-required=\"true\" aria-invalid=\"false\" type=\"text\" name=\"quiz-435\" \/><\/label><input type=\"hidden\" name=\"_wpcf7_quiz_answer_quiz-435\" value=\"6fe16b8c6a97a3efe2c33a2393717081\" \/><\/span>\n<\/p>\n<p id=\"warning\">Si usted no recibe una copia de su mensaje, que ha introducido la direcci\u00f3n incorrectamente.\n<\/p>\n<p><input class=\"wpcf7-form-control wpcf7-submit has-spinner\" type=\"submit\" value=\"Enviar\" \/>\n<\/p><div class=\"wpcf7-response-output\" aria-hidden=\"true\"><\/div>\n<\/form>\n<\/div>\n\n<h2>DIRECCI\u00d3N<\/h2>\n<p>Budapest, calle Angyal 2 no distrito IX.<\/p>\n<p>Se acerca en tanv\u00edas 4-6 no. desde la parada Mester utca<br \/>\nEn tranv\u00eda 2 no. y autobus 15 no. desde la parada Bor\u00e1ros t\u00e9r<br \/>\nEn metro 3 y autobuses nocturnos 950, 950A desde la parada Corvin negyed<\/p>\n<h2>HORARIO<\/h2>\n<p>Desde el domingo hasta el jueves:\u00a0 \u00a0 \u00a0 14:00 &#8211; 24:00<br \/>\nLos viernes:\u00a0 \u00a0 \u00a0 \u00a0 \u00a0 \u00a0 \u00a0 \u00a0 \u00a0 \u00a0 \u00a0 \u00a0 \u00a0 \u00a0 \u00a0 \u00a0 \u00a0 \u00a0 \u00a0 \u00a0 \u00a0 \u00a0 \u00a014:00 &#8211; 02:00<br \/>\nLos s\u00e1bados :\u00a0 \u00a0 \u00a0 \u00a0 \u00a0 \u00a0 \u00a0 \u00a0 \u00a0 \u00a0 \u00a0 \u00a0 \u00a0 \u00a0 \u00a0 \u00a0 \u00a0 \u00a0 \u00a0 \u00a0 \u00a0 14:00 &#8211; 04:00<\/p>\n","protected":false},"excerpt":{"rendered":"<p>TEL\u00c9FONO +36.1.210.1751 ESCR\u00cdBENOS! DIRECCI\u00d3N Budapest, calle Angyal 2 no distrito IX. Se acerca en tanv\u00edas 4-6 no. desde la parada Mester utca En tranv\u00eda 2 no. y autobus 15 no. desde la parada Bor\u00e1ros t\u00e9r En metro 3 y autobuses nocturnos 950, 950A desde la parada Corvin negyed HORARIO Desde el domingo hasta el jueves:\u00a0 [&hellip;]<\/p>\n","protected":false},"author":1,"featured_media":0,"parent":0,"menu_order":0,"comment_status":"closed","ping_status":"closed","template":"page-kapcsolat.php","meta":{"_acf_changed":false,"footnotes":""},"class_list":["post-896","page","type-page","status-publish","hentry"],"acf":[],"yoast_head":"<!-- This site is optimized with the Yoast SEO Premium plugin v26.2 (Yoast SEO v27.4) - https:\/\/yoast.com\/product\/yoast-seo-premium-wordpress\/ -->\n<title>Contacto\/Horario - Budapest Gay Sauna - Sauna69<\/title>\n<meta name=\"robots\" content=\"index, follow, max-snippet:-1, max-image-preview:large, max-video-preview:-1\" \/>\n<link rel=\"canonical\" href=\"https:\/\/gaysaunabudapest.hu\/es\/contacto\/\" \/>\n<meta property=\"og:locale\" content=\"es_ES\" \/>\n<meta property=\"og:type\" content=\"article\" \/>\n<meta property=\"og:title\" content=\"Contacto\/Horario\" \/>\n<meta property=\"og:description\" content=\"TEL\u00c9FONO +36.1.210.1751 ESCR\u00cdBENOS! DIRECCI\u00d3N Budapest, calle Angyal 2 no distrito IX. Se acerca en tanv\u00edas 4-6 no. desde la parada Mester utca En tranv\u00eda 2 no. y autobus 15 no. desde la parada Bor\u00e1ros t\u00e9r En metro 3 y autobuses nocturnos 950, 950A desde la parada Corvin negyed HORARIO Desde el domingo hasta el jueves:\u00a0 [&hellip;]\" \/>\n<meta property=\"og:url\" content=\"https:\/\/gaysaunabudapest.hu\/es\/contacto\/\" \/>\n<meta property=\"og:site_name\" content=\"Budapest Gay Sauna - Sauna69\" \/>\n<meta property=\"article:modified_time\" content=\"2024-06-03T19:26:40+00:00\" \/>\n<meta name=\"twitter:card\" content=\"summary_large_image\" \/>\n<meta name=\"twitter:label1\" content=\"Tiempo de lectura\" \/>\n\t<meta name=\"twitter:data1\" content=\"1 minuto\" \/>\n<script type=\"application\/ld+json\" class=\"yoast-schema-graph\">{\"@context\":\"https:\\\/\\\/schema.org\",\"@graph\":[{\"@type\":\"WebPage\",\"@id\":\"https:\\\/\\\/gaysaunabudapest.hu\\\/es\\\/contacto\\\/\",\"url\":\"https:\\\/\\\/gaysaunabudapest.hu\\\/es\\\/contacto\\\/\",\"name\":\"Contacto\\\/Horario - Budapest Gay Sauna - Sauna69\",\"isPartOf\":{\"@id\":\"https:\\\/\\\/gaysaunabudapest.hu\\\/es\\\/#website\"},\"datePublished\":\"2016-07-10T15:13:20+00:00\",\"dateModified\":\"2024-06-03T19:26:40+00:00\",\"breadcrumb\":{\"@id\":\"https:\\\/\\\/gaysaunabudapest.hu\\\/es\\\/contacto\\\/#breadcrumb\"},\"inLanguage\":\"es\",\"potentialAction\":[{\"@type\":\"ReadAction\",\"target\":[\"https:\\\/\\\/gaysaunabudapest.hu\\\/es\\\/contacto\\\/\"]}]},{\"@type\":\"BreadcrumbList\",\"@id\":\"https:\\\/\\\/gaysaunabudapest.hu\\\/es\\\/contacto\\\/#breadcrumb\",\"itemListElement\":[{\"@type\":\"ListItem\",\"position\":1,\"name\":\"Home\",\"item\":\"https:\\\/\\\/gaysaunabudapest.hu\\\/es\\\/\"},{\"@type\":\"ListItem\",\"position\":2,\"name\":\"Contacto\\\/Horario\"}]},{\"@type\":\"WebSite\",\"@id\":\"https:\\\/\\\/gaysaunabudapest.hu\\\/es\\\/#website\",\"url\":\"https:\\\/\\\/gaysaunabudapest.hu\\\/es\\\/\",\"name\":\"Budapest Gay Sauna - Sauna69\",\"description\":\"\",\"potentialAction\":[{\"@type\":\"SearchAction\",\"target\":{\"@type\":\"EntryPoint\",\"urlTemplate\":\"https:\\\/\\\/gaysaunabudapest.hu\\\/es\\\/?s={search_term_string}\"},\"query-input\":{\"@type\":\"PropertyValueSpecification\",\"valueRequired\":true,\"valueName\":\"search_term_string\"}}],\"inLanguage\":\"es\"}]}<\/script>\n<!-- \/ Yoast SEO Premium plugin. -->","yoast_head_json":{"title":"Contacto\/Horario - Budapest Gay Sauna - Sauna69","robots":{"index":"index","follow":"follow","max-snippet":"max-snippet:-1","max-image-preview":"max-image-preview:large","max-video-preview":"max-video-preview:-1"},"canonical":"https:\/\/gaysaunabudapest.hu\/es\/contacto\/","og_locale":"es_ES","og_type":"article","og_title":"Contacto\/Horario","og_description":"TEL\u00c9FONO +36.1.210.1751 ESCR\u00cdBENOS! DIRECCI\u00d3N Budapest, calle Angyal 2 no distrito IX. Se acerca en tanv\u00edas 4-6 no. desde la parada Mester utca En tranv\u00eda 2 no. y autobus 15 no. desde la parada Bor\u00e1ros t\u00e9r En metro 3 y autobuses nocturnos 950, 950A desde la parada Corvin negyed HORARIO Desde el domingo hasta el jueves:\u00a0 [&hellip;]","og_url":"https:\/\/gaysaunabudapest.hu\/es\/contacto\/","og_site_name":"Budapest Gay Sauna - Sauna69","article_modified_time":"2024-06-03T19:26:40+00:00","twitter_card":"summary_large_image","twitter_misc":{"Tiempo de lectura":"1 minuto"},"schema":{"@context":"https:\/\/schema.org","@graph":[{"@type":"WebPage","@id":"https:\/\/gaysaunabudapest.hu\/es\/contacto\/","url":"https:\/\/gaysaunabudapest.hu\/es\/contacto\/","name":"Contacto\/Horario - Budapest Gay Sauna - Sauna69","isPartOf":{"@id":"https:\/\/gaysaunabudapest.hu\/es\/#website"},"datePublished":"2016-07-10T15:13:20+00:00","dateModified":"2024-06-03T19:26:40+00:00","breadcrumb":{"@id":"https:\/\/gaysaunabudapest.hu\/es\/contacto\/#breadcrumb"},"inLanguage":"es","potentialAction":[{"@type":"ReadAction","target":["https:\/\/gaysaunabudapest.hu\/es\/contacto\/"]}]},{"@type":"BreadcrumbList","@id":"https:\/\/gaysaunabudapest.hu\/es\/contacto\/#breadcrumb","itemListElement":[{"@type":"ListItem","position":1,"name":"Home","item":"https:\/\/gaysaunabudapest.hu\/es\/"},{"@type":"ListItem","position":2,"name":"Contacto\/Horario"}]},{"@type":"WebSite","@id":"https:\/\/gaysaunabudapest.hu\/es\/#website","url":"https:\/\/gaysaunabudapest.hu\/es\/","name":"Budapest Gay Sauna - Sauna69","description":"","potentialAction":[{"@type":"SearchAction","target":{"@type":"EntryPoint","urlTemplate":"https:\/\/gaysaunabudapest.hu\/es\/?s={search_term_string}"},"query-input":{"@type":"PropertyValueSpecification","valueRequired":true,"valueName":"search_term_string"}}],"inLanguage":"es"}]}},"_links":{"self":[{"href":"https:\/\/gaysaunabudapest.hu\/es\/wp-json\/wp\/v2\/pages\/896","targetHints":{"allow":["GET"]}}],"collection":[{"href":"https:\/\/gaysaunabudapest.hu\/es\/wp-json\/wp\/v2\/pages"}],"about":[{"href":"https:\/\/gaysaunabudapest.hu\/es\/wp-json\/wp\/v2\/types\/page"}],"author":[{"embeddable":true,"href":"https:\/\/gaysaunabudapest.hu\/es\/wp-json\/wp\/v2\/users\/1"}],"replies":[{"embeddable":true,"href":"https:\/\/gaysaunabudapest.hu\/es\/wp-json\/wp\/v2\/comments?post=896"}],"version-history":[{"count":11,"href":"https:\/\/gaysaunabudapest.hu\/es\/wp-json\/wp\/v2\/pages\/896\/revisions"}],"predecessor-version":[{"id":3814,"href":"https:\/\/gaysaunabudapest.hu\/es\/wp-json\/wp\/v2\/pages\/896\/revisions\/3814"}],"wp:attachment":[{"href":"https:\/\/gaysaunabudapest.hu\/es\/wp-json\/wp\/v2\/media?parent=896"}],"curies":[{"name":"wp","href":"https:\/\/api.w.org\/{rel}","templated":true}]}}