{"id":900,"date":"2016-07-10T17:16:19","date_gmt":"2016-07-10T15:16:19","guid":{"rendered":"https:\/\/gaysaunabudapest.hu\/rolunk\/"},"modified":"2020-01-17T18:28:21","modified_gmt":"2020-01-17T18:28:21","slug":"la-sauna","status":"publish","type":"page","link":"https:\/\/gaysaunabudapest.hu\/es\/la-sauna\/","title":{"rendered":"La sauna"},"content":{"rendered":"<p><strong>INTRODUCI\u00d3N DE LA SAUNA GAY <\/strong><\/p>\n<p><strong>Sauna69\u2122<\/strong> es la sauna m\u00e1s preferida y conocida de <strong>Budapest<\/strong>. Fundada en 2004. nuestro objetivo fue fundar un lugar para la comunidad <strong>gay<\/strong> y bisexual donde se puedan divertirse y estar en seguro. Un lugar donde las condiciones higi\u00e9nicas est\u00e1n aseguradas perfectamente.<\/p>\n<p>Una <strong>sauna<\/strong> donse nadie compra alguna cosa comprar alguna cosa en el arca cerrada, no te env\u00edan fotos de diez anos como el los sitios de citas sino ves la realidad y si hay simpat\u00eda mutua todo ser\u00e1 posible.<\/p>\n<p>En caso de que alguien s\u00f3lo busce sexo ocasional este lugar es perfecto para tales encuentros sin embargo no est\u00e1 excluido que encuentres tu media naranja aqu\u00ed.<\/p>\n<p>Lo que es muy importante, todo es posible pero nada es obligatorio.<\/p>\n<p>Seguramente hay los que prefieren encontrarse en parques oscuros lo que los excita pero vale la pena tomar riesgos? No creo que. Es mucho m\u00e1s seguro pasar un buen rato en <strong>Sauna69\u2122<\/strong> en condiciones agradables.<\/p>\n<p>Nuestras instalaciones:<\/p>\n<ul>\n<li>saunas<\/li>\n<li>sauna seca<\/li>\n<li>sauna infra<\/li>\n<li>relajarse en cuenca<\/li>\n<li>solario<\/li>\n<li>cabinas para relajarse<\/li>\n<li>o si prefieres ouedes ver la tele en el bar<\/li>\n<\/ul>\n<p>Si te apeteceira tomar algo en nuestro bar encontrar\u00e1s una amplia gamba de comidas y bebidas. Bebidas no alcoh\u00f3licas y alcoh\u00f3licas, caf\u00e9s, t\u00e9s, bocadillos y pizza.<\/p>\n<p>Si a\u00fan no nos has visitado te esperamos si ya nos conoces te veremos de nuevo con mucho gusto.<\/p>\n","protected":false},"excerpt":{"rendered":"<p>INTRODUCI\u00d3N DE LA SAUNA GAY Sauna69\u2122 es la sauna m\u00e1s preferida y conocida de Budapest. Fundada en 2004. nuestro objetivo fue fundar un lugar para la comunidad gay y bisexual donde se puedan divertirse y estar en seguro. Un lugar donde las condiciones higi\u00e9nicas est\u00e1n aseguradas perfectamente. Una sauna donse nadie compra alguna cosa comprar [&hellip;]<\/p>\n","protected":false},"author":1,"featured_media":0,"parent":0,"menu_order":0,"comment_status":"closed","ping_status":"closed","template":"","meta":{"_acf_changed":false,"footnotes":""},"class_list":["post-900","page","type-page","status-publish","hentry"],"acf":[],"yoast_head":"<!-- This site is optimized with the Yoast SEO Premium plugin v26.2 (Yoast SEO v27.3) - https:\/\/yoast.com\/product\/yoast-seo-premium-wordpress\/ -->\n<title>La sauna - Budapest Gay Sauna - Sauna69<\/title>\n<meta name=\"robots\" content=\"index, follow, max-snippet:-1, max-image-preview:large, max-video-preview:-1\" \/>\n<link rel=\"canonical\" href=\"https:\/\/gaysaunabudapest.hu\/es\/la-sauna\/\" \/>\n<meta property=\"og:locale\" content=\"es_ES\" \/>\n<meta property=\"og:type\" content=\"article\" \/>\n<meta property=\"og:title\" content=\"La sauna\" \/>\n<meta property=\"og:description\" content=\"INTRODUCI\u00d3N DE LA SAUNA GAY Sauna69\u2122 es la sauna m\u00e1s preferida y conocida de Budapest. Fundada en 2004. nuestro objetivo fue fundar un lugar para la comunidad gay y bisexual donde se puedan divertirse y estar en seguro. Un lugar donde las condiciones higi\u00e9nicas est\u00e1n aseguradas perfectamente. Una sauna donse nadie compra alguna cosa comprar [&hellip;]\" \/>\n<meta property=\"og:url\" content=\"https:\/\/gaysaunabudapest.hu\/es\/la-sauna\/\" \/>\n<meta property=\"og:site_name\" content=\"Budapest Gay Sauna - Sauna69\" \/>\n<meta property=\"article:modified_time\" content=\"2020-01-17T18:28:21+00:00\" \/>\n<meta name=\"twitter:card\" content=\"summary_large_image\" \/>\n<meta name=\"twitter:label1\" content=\"Tiempo de lectura\" \/>\n\t<meta name=\"twitter:data1\" content=\"1 minuto\" \/>\n<script type=\"application\/ld+json\" class=\"yoast-schema-graph\">{\"@context\":\"https:\\\/\\\/schema.org\",\"@graph\":[{\"@type\":\"WebPage\",\"@id\":\"https:\\\/\\\/gaysaunabudapest.hu\\\/es\\\/la-sauna\\\/\",\"url\":\"https:\\\/\\\/gaysaunabudapest.hu\\\/es\\\/la-sauna\\\/\",\"name\":\"La sauna - Budapest Gay Sauna - Sauna69\",\"isPartOf\":{\"@id\":\"https:\\\/\\\/gaysaunabudapest.hu\\\/es\\\/#website\"},\"datePublished\":\"2016-07-10T15:16:19+00:00\",\"dateModified\":\"2020-01-17T18:28:21+00:00\",\"breadcrumb\":{\"@id\":\"https:\\\/\\\/gaysaunabudapest.hu\\\/es\\\/la-sauna\\\/#breadcrumb\"},\"inLanguage\":\"es\",\"potentialAction\":[{\"@type\":\"ReadAction\",\"target\":[\"https:\\\/\\\/gaysaunabudapest.hu\\\/es\\\/la-sauna\\\/\"]}]},{\"@type\":\"BreadcrumbList\",\"@id\":\"https:\\\/\\\/gaysaunabudapest.hu\\\/es\\\/la-sauna\\\/#breadcrumb\",\"itemListElement\":[{\"@type\":\"ListItem\",\"position\":1,\"name\":\"Home\",\"item\":\"https:\\\/\\\/gaysaunabudapest.hu\\\/es\\\/\"},{\"@type\":\"ListItem\",\"position\":2,\"name\":\"La sauna\"}]},{\"@type\":\"WebSite\",\"@id\":\"https:\\\/\\\/gaysaunabudapest.hu\\\/es\\\/#website\",\"url\":\"https:\\\/\\\/gaysaunabudapest.hu\\\/es\\\/\",\"name\":\"Budapest Gay Sauna - Sauna69\",\"description\":\"\",\"potentialAction\":[{\"@type\":\"SearchAction\",\"target\":{\"@type\":\"EntryPoint\",\"urlTemplate\":\"https:\\\/\\\/gaysaunabudapest.hu\\\/es\\\/?s={search_term_string}\"},\"query-input\":{\"@type\":\"PropertyValueSpecification\",\"valueRequired\":true,\"valueName\":\"search_term_string\"}}],\"inLanguage\":\"es\"}]}<\/script>\n<!-- \/ Yoast SEO Premium plugin. -->","yoast_head_json":{"title":"La sauna - Budapest Gay Sauna - Sauna69","robots":{"index":"index","follow":"follow","max-snippet":"max-snippet:-1","max-image-preview":"max-image-preview:large","max-video-preview":"max-video-preview:-1"},"canonical":"https:\/\/gaysaunabudapest.hu\/es\/la-sauna\/","og_locale":"es_ES","og_type":"article","og_title":"La sauna","og_description":"INTRODUCI\u00d3N DE LA SAUNA GAY Sauna69\u2122 es la sauna m\u00e1s preferida y conocida de Budapest. Fundada en 2004. nuestro objetivo fue fundar un lugar para la comunidad gay y bisexual donde se puedan divertirse y estar en seguro. Un lugar donde las condiciones higi\u00e9nicas est\u00e1n aseguradas perfectamente. Una sauna donse nadie compra alguna cosa comprar [&hellip;]","og_url":"https:\/\/gaysaunabudapest.hu\/es\/la-sauna\/","og_site_name":"Budapest Gay Sauna - Sauna69","article_modified_time":"2020-01-17T18:28:21+00:00","twitter_card":"summary_large_image","twitter_misc":{"Tiempo de lectura":"1 minuto"},"schema":{"@context":"https:\/\/schema.org","@graph":[{"@type":"WebPage","@id":"https:\/\/gaysaunabudapest.hu\/es\/la-sauna\/","url":"https:\/\/gaysaunabudapest.hu\/es\/la-sauna\/","name":"La sauna - Budapest Gay Sauna - Sauna69","isPartOf":{"@id":"https:\/\/gaysaunabudapest.hu\/es\/#website"},"datePublished":"2016-07-10T15:16:19+00:00","dateModified":"2020-01-17T18:28:21+00:00","breadcrumb":{"@id":"https:\/\/gaysaunabudapest.hu\/es\/la-sauna\/#breadcrumb"},"inLanguage":"es","potentialAction":[{"@type":"ReadAction","target":["https:\/\/gaysaunabudapest.hu\/es\/la-sauna\/"]}]},{"@type":"BreadcrumbList","@id":"https:\/\/gaysaunabudapest.hu\/es\/la-sauna\/#breadcrumb","itemListElement":[{"@type":"ListItem","position":1,"name":"Home","item":"https:\/\/gaysaunabudapest.hu\/es\/"},{"@type":"ListItem","position":2,"name":"La sauna"}]},{"@type":"WebSite","@id":"https:\/\/gaysaunabudapest.hu\/es\/#website","url":"https:\/\/gaysaunabudapest.hu\/es\/","name":"Budapest Gay Sauna - Sauna69","description":"","potentialAction":[{"@type":"SearchAction","target":{"@type":"EntryPoint","urlTemplate":"https:\/\/gaysaunabudapest.hu\/es\/?s={search_term_string}"},"query-input":{"@type":"PropertyValueSpecification","valueRequired":true,"valueName":"search_term_string"}}],"inLanguage":"es"}]}},"_links":{"self":[{"href":"https:\/\/gaysaunabudapest.hu\/es\/wp-json\/wp\/v2\/pages\/900","targetHints":{"allow":["GET"]}}],"collection":[{"href":"https:\/\/gaysaunabudapest.hu\/es\/wp-json\/wp\/v2\/pages"}],"about":[{"href":"https:\/\/gaysaunabudapest.hu\/es\/wp-json\/wp\/v2\/types\/page"}],"author":[{"embeddable":true,"href":"https:\/\/gaysaunabudapest.hu\/es\/wp-json\/wp\/v2\/users\/1"}],"replies":[{"embeddable":true,"href":"https:\/\/gaysaunabudapest.hu\/es\/wp-json\/wp\/v2\/comments?post=900"}],"version-history":[{"count":1,"href":"https:\/\/gaysaunabudapest.hu\/es\/wp-json\/wp\/v2\/pages\/900\/revisions"}],"predecessor-version":[{"id":963,"href":"https:\/\/gaysaunabudapest.hu\/es\/wp-json\/wp\/v2\/pages\/900\/revisions\/963"}],"wp:attachment":[{"href":"https:\/\/gaysaunabudapest.hu\/es\/wp-json\/wp\/v2\/media?parent=900"}],"curies":[{"name":"wp","href":"https:\/\/api.w.org\/{rel}","templated":true}]}}