{"id":904,"date":"2016-07-10T17:17:22","date_gmt":"2016-07-10T15:17:22","guid":{"rendered":"https:\/\/gaysaunabudapest.hu\/bueno-saber\/"},"modified":"2020-01-17T19:08:25","modified_gmt":"2020-01-17T19:08:25","slug":"bueno-saber","status":"publish","type":"page","link":"https:\/\/gaysaunabudapest.hu\/es\/bueno-saber\/","title":{"rendered":"Bueno saber"},"content":{"rendered":"<h2>Solicitud de un taxi<\/h2>\n<p>Si quiere viajar en taxi, siempre llame a un taxi.<br \/>\n<strong class=\"blue\">Nunca bandera cabina en la calle. <\/strong><br \/>\nSiempre llame a una empresa de taxis confiable.<\/p>\n<p>Si usted quiere encontrar compa\u00f1\u00edas de taxis confiables por favor<a href=\"http:\/\/www.budapest.com\/travel\/getting_around\/taxi.en.html\" target=\"_blank\" rel=\"noopener noreferrer\"> haga clic aqu\u00ed <\/a>!<\/p>\n<h2>Transporte p\u00fablico<\/h2>\n<p>Download BKK futar application to your smart phone. You will be always updated departures and lines in Budapest&#8217;s public transport. Plan your rout, reach what you want using the easiest way!<\/p>\n<h2>\u00a0<a href=\"https:\/\/itunes.apple.com\/hu\/app\/bkk-futar\/id916193835?mt=8#\" target=\"_blank\" rel=\"noopener noreferrer\"><img decoding=\"async\" class=\"alignnone wp-image-225 size-full\" src=\"https:\/\/gaysaunabudapest.hu\/wp-content\/uploads\/2016\/07\/appstore.png\" alt=\"appstore\" width=\"143\" height=\"42\" \/><\/a> <a href=\"https:\/\/play.google.com\/store\/apps\/details?id=hu.webvalto.bkkfutar\" target=\"_blank\" rel=\"noopener noreferrer\"><img decoding=\"async\" class=\"alignnone wp-image-226 size-full\" src=\"https:\/\/gaysaunabudapest.hu\/wp-content\/uploads\/2016\/07\/googleplay.png\" alt=\"googleplay\" width=\"127\" height=\"40\" \/><\/a><\/h2>\n<h2>Have you ever used Taxify, the new reliable taxi service?<\/h2>\n<p>If yes, use it in Budapest as well! Cheap and reliable! If not, download the app to your smart phone, apply for your first free ride and go!<\/p>\n<h2><img decoding=\"async\" class=\"alignnone wp-image-225 size-full\" src=\"https:\/\/gaysaunabudapest.hu\/wp-content\/uploads\/2016\/07\/appstore.png\" alt=\"\" width=\"143\" height=\"42\" \/> <img decoding=\"async\" class=\"alignnone wp-image-226 size-full\" src=\"https:\/\/gaysaunabudapest.hu\/wp-content\/uploads\/2016\/07\/googleplay.png\" alt=\"\" width=\"127\" height=\"40\" \/><\/h2>\n<h2><\/h2>\n<h2>Banknotes of the Hungarian forint<\/h2>\n<p><a href=\"https:\/\/www.mnb.hu\/en\/banknotes-and-coins\/banknotes\" target=\"_blank\" rel=\"noopener noreferrer\">Click here!<\/a><\/p>\n","protected":false},"excerpt":{"rendered":"<p>Solicitud de un taxi Si quiere viajar en taxi, siempre llame a un taxi. Nunca bandera cabina en la calle. Siempre llame a una empresa de taxis confiable. Si usted quiere encontrar compa\u00f1\u00edas de taxis confiables por favor haga clic aqu\u00ed ! Transporte p\u00fablico Download BKK futar application to your smart phone. You will be [&hellip;]<\/p>\n","protected":false},"author":1,"featured_media":0,"parent":0,"menu_order":0,"comment_status":"closed","ping_status":"closed","template":"page-hasznos.php","meta":{"_acf_changed":false,"footnotes":""},"class_list":["post-904","page","type-page","status-publish","hentry"],"acf":[],"yoast_head":"<!-- This site is optimized with the Yoast SEO Premium plugin v26.2 (Yoast SEO v27.3) - https:\/\/yoast.com\/product\/yoast-seo-premium-wordpress\/ -->\n<title>Bueno saber - Budapest Gay Sauna - Sauna69<\/title>\n<meta name=\"robots\" content=\"index, follow, max-snippet:-1, max-image-preview:large, max-video-preview:-1\" \/>\n<link rel=\"canonical\" href=\"https:\/\/gaysaunabudapest.hu\/es\/bueno-saber\/\" \/>\n<meta property=\"og:locale\" content=\"es_ES\" \/>\n<meta property=\"og:type\" content=\"article\" \/>\n<meta property=\"og:title\" content=\"Bueno saber\" \/>\n<meta property=\"og:description\" content=\"Solicitud de un taxi Si quiere viajar en taxi, siempre llame a un taxi. Nunca bandera cabina en la calle. Siempre llame a una empresa de taxis confiable. Si usted quiere encontrar compa\u00f1\u00edas de taxis confiables por favor haga clic aqu\u00ed ! Transporte p\u00fablico Download BKK futar application to your smart phone. You will be [&hellip;]\" \/>\n<meta property=\"og:url\" content=\"https:\/\/gaysaunabudapest.hu\/es\/bueno-saber\/\" \/>\n<meta property=\"og:site_name\" content=\"Budapest Gay Sauna - Sauna69\" \/>\n<meta property=\"article:modified_time\" content=\"2020-01-17T19:08:25+00:00\" \/>\n<meta property=\"og:image\" content=\"https:\/\/gaysaunabudapest.hu\/wp-content\/uploads\/2016\/07\/appstore.png\" \/>\n<meta name=\"twitter:card\" content=\"summary_large_image\" \/>\n<meta name=\"twitter:label1\" content=\"Tiempo de lectura\" \/>\n\t<meta name=\"twitter:data1\" content=\"1 minuto\" \/>\n<script type=\"application\/ld+json\" class=\"yoast-schema-graph\">{\"@context\":\"https:\\\/\\\/schema.org\",\"@graph\":[{\"@type\":\"WebPage\",\"@id\":\"https:\\\/\\\/gaysaunabudapest.hu\\\/es\\\/bueno-saber\\\/\",\"url\":\"https:\\\/\\\/gaysaunabudapest.hu\\\/es\\\/bueno-saber\\\/\",\"name\":\"Bueno saber - Budapest Gay Sauna - Sauna69\",\"isPartOf\":{\"@id\":\"https:\\\/\\\/gaysaunabudapest.hu\\\/es\\\/#website\"},\"primaryImageOfPage\":{\"@id\":\"https:\\\/\\\/gaysaunabudapest.hu\\\/es\\\/bueno-saber\\\/#primaryimage\"},\"image\":{\"@id\":\"https:\\\/\\\/gaysaunabudapest.hu\\\/es\\\/bueno-saber\\\/#primaryimage\"},\"thumbnailUrl\":\"https:\\\/\\\/gaysaunabudapest.hu\\\/wp-content\\\/uploads\\\/2016\\\/07\\\/appstore.png\",\"datePublished\":\"2016-07-10T15:17:22+00:00\",\"dateModified\":\"2020-01-17T19:08:25+00:00\",\"breadcrumb\":{\"@id\":\"https:\\\/\\\/gaysaunabudapest.hu\\\/es\\\/bueno-saber\\\/#breadcrumb\"},\"inLanguage\":\"es\",\"potentialAction\":[{\"@type\":\"ReadAction\",\"target\":[\"https:\\\/\\\/gaysaunabudapest.hu\\\/es\\\/bueno-saber\\\/\"]}]},{\"@type\":\"ImageObject\",\"inLanguage\":\"es\",\"@id\":\"https:\\\/\\\/gaysaunabudapest.hu\\\/es\\\/bueno-saber\\\/#primaryimage\",\"url\":\"https:\\\/\\\/gaysaunabudapest.hu\\\/wp-content\\\/uploads\\\/2016\\\/07\\\/appstore.png\",\"contentUrl\":\"https:\\\/\\\/gaysaunabudapest.hu\\\/wp-content\\\/uploads\\\/2016\\\/07\\\/appstore.png\"},{\"@type\":\"BreadcrumbList\",\"@id\":\"https:\\\/\\\/gaysaunabudapest.hu\\\/es\\\/bueno-saber\\\/#breadcrumb\",\"itemListElement\":[{\"@type\":\"ListItem\",\"position\":1,\"name\":\"Home\",\"item\":\"https:\\\/\\\/gaysaunabudapest.hu\\\/es\\\/\"},{\"@type\":\"ListItem\",\"position\":2,\"name\":\"Bueno saber\"}]},{\"@type\":\"WebSite\",\"@id\":\"https:\\\/\\\/gaysaunabudapest.hu\\\/es\\\/#website\",\"url\":\"https:\\\/\\\/gaysaunabudapest.hu\\\/es\\\/\",\"name\":\"Budapest Gay Sauna - Sauna69\",\"description\":\"\",\"potentialAction\":[{\"@type\":\"SearchAction\",\"target\":{\"@type\":\"EntryPoint\",\"urlTemplate\":\"https:\\\/\\\/gaysaunabudapest.hu\\\/es\\\/?s={search_term_string}\"},\"query-input\":{\"@type\":\"PropertyValueSpecification\",\"valueRequired\":true,\"valueName\":\"search_term_string\"}}],\"inLanguage\":\"es\"}]}<\/script>\n<!-- \/ Yoast SEO Premium plugin. -->","yoast_head_json":{"title":"Bueno saber - Budapest Gay Sauna - Sauna69","robots":{"index":"index","follow":"follow","max-snippet":"max-snippet:-1","max-image-preview":"max-image-preview:large","max-video-preview":"max-video-preview:-1"},"canonical":"https:\/\/gaysaunabudapest.hu\/es\/bueno-saber\/","og_locale":"es_ES","og_type":"article","og_title":"Bueno saber","og_description":"Solicitud de un taxi Si quiere viajar en taxi, siempre llame a un taxi. Nunca bandera cabina en la calle. Siempre llame a una empresa de taxis confiable. Si usted quiere encontrar compa\u00f1\u00edas de taxis confiables por favor haga clic aqu\u00ed ! Transporte p\u00fablico Download BKK futar application to your smart phone. You will be [&hellip;]","og_url":"https:\/\/gaysaunabudapest.hu\/es\/bueno-saber\/","og_site_name":"Budapest Gay Sauna - Sauna69","article_modified_time":"2020-01-17T19:08:25+00:00","og_image":[{"url":"https:\/\/gaysaunabudapest.hu\/wp-content\/uploads\/2016\/07\/appstore.png","type":"","width":"","height":""}],"twitter_card":"summary_large_image","twitter_misc":{"Tiempo de lectura":"1 minuto"},"schema":{"@context":"https:\/\/schema.org","@graph":[{"@type":"WebPage","@id":"https:\/\/gaysaunabudapest.hu\/es\/bueno-saber\/","url":"https:\/\/gaysaunabudapest.hu\/es\/bueno-saber\/","name":"Bueno saber - Budapest Gay Sauna - Sauna69","isPartOf":{"@id":"https:\/\/gaysaunabudapest.hu\/es\/#website"},"primaryImageOfPage":{"@id":"https:\/\/gaysaunabudapest.hu\/es\/bueno-saber\/#primaryimage"},"image":{"@id":"https:\/\/gaysaunabudapest.hu\/es\/bueno-saber\/#primaryimage"},"thumbnailUrl":"https:\/\/gaysaunabudapest.hu\/wp-content\/uploads\/2016\/07\/appstore.png","datePublished":"2016-07-10T15:17:22+00:00","dateModified":"2020-01-17T19:08:25+00:00","breadcrumb":{"@id":"https:\/\/gaysaunabudapest.hu\/es\/bueno-saber\/#breadcrumb"},"inLanguage":"es","potentialAction":[{"@type":"ReadAction","target":["https:\/\/gaysaunabudapest.hu\/es\/bueno-saber\/"]}]},{"@type":"ImageObject","inLanguage":"es","@id":"https:\/\/gaysaunabudapest.hu\/es\/bueno-saber\/#primaryimage","url":"https:\/\/gaysaunabudapest.hu\/wp-content\/uploads\/2016\/07\/appstore.png","contentUrl":"https:\/\/gaysaunabudapest.hu\/wp-content\/uploads\/2016\/07\/appstore.png"},{"@type":"BreadcrumbList","@id":"https:\/\/gaysaunabudapest.hu\/es\/bueno-saber\/#breadcrumb","itemListElement":[{"@type":"ListItem","position":1,"name":"Home","item":"https:\/\/gaysaunabudapest.hu\/es\/"},{"@type":"ListItem","position":2,"name":"Bueno saber"}]},{"@type":"WebSite","@id":"https:\/\/gaysaunabudapest.hu\/es\/#website","url":"https:\/\/gaysaunabudapest.hu\/es\/","name":"Budapest Gay Sauna - Sauna69","description":"","potentialAction":[{"@type":"SearchAction","target":{"@type":"EntryPoint","urlTemplate":"https:\/\/gaysaunabudapest.hu\/es\/?s={search_term_string}"},"query-input":{"@type":"PropertyValueSpecification","valueRequired":true,"valueName":"search_term_string"}}],"inLanguage":"es"}]}},"_links":{"self":[{"href":"https:\/\/gaysaunabudapest.hu\/es\/wp-json\/wp\/v2\/pages\/904","targetHints":{"allow":["GET"]}}],"collection":[{"href":"https:\/\/gaysaunabudapest.hu\/es\/wp-json\/wp\/v2\/pages"}],"about":[{"href":"https:\/\/gaysaunabudapest.hu\/es\/wp-json\/wp\/v2\/types\/page"}],"author":[{"embeddable":true,"href":"https:\/\/gaysaunabudapest.hu\/es\/wp-json\/wp\/v2\/users\/1"}],"replies":[{"embeddable":true,"href":"https:\/\/gaysaunabudapest.hu\/es\/wp-json\/wp\/v2\/comments?post=904"}],"version-history":[{"count":1,"href":"https:\/\/gaysaunabudapest.hu\/es\/wp-json\/wp\/v2\/pages\/904\/revisions"}],"predecessor-version":[{"id":1029,"href":"https:\/\/gaysaunabudapest.hu\/es\/wp-json\/wp\/v2\/pages\/904\/revisions\/1029"}],"wp:attachment":[{"href":"https:\/\/gaysaunabudapest.hu\/es\/wp-json\/wp\/v2\/media?parent=904"}],"curies":[{"name":"wp","href":"https:\/\/api.w.org\/{rel}","templated":true}]}}