{"id":2137,"date":"2021-08-02T16:20:09","date_gmt":"2021-08-02T16:20:09","guid":{"rendered":"https:\/\/gaysaunabudapest.hu\/?page_id=2137"},"modified":"2022-09-21T20:03:12","modified_gmt":"2022-09-21T20:03:12","slug":"pena-parti","status":"publish","type":"page","link":"https:\/\/gaysaunabudapest.hu\/sr\/pena-parti\/","title":{"rendered":"PENA PARTI!"},"content":{"rendered":"<pre id=\"tw-target-rmn\" class=\"tw-data-text tw-text-small tw-ta\" dir=\"ltr\" data-placeholder=\"\"><span class=\"Y2IQFc\">Jednom mese\u010dno, ovog puta 23. septembra u 21 \u010dasova, uronimo u penu!<\/span><\/pre>\n<p><img decoding=\"async\" class=\"wp-image-1044 alignright\" src=\"https:\/\/gaysaunabudapest.hu\/wp-content\/uploads\/2018\/12\/screenshot_20181221-154953_gallery-e1628197114183.jpg\" alt=\"\" width=\"301\" height=\"239\" srcset=\"https:\/\/gaysaunabudapest.hu\/wp-content\/uploads\/2018\/12\/screenshot_20181221-154953_gallery-e1628197114183.jpg 1080w, https:\/\/gaysaunabudapest.hu\/wp-content\/uploads\/2018\/12\/screenshot_20181221-154953_gallery-e1628197114183-300x238.jpg 300w, https:\/\/gaysaunabudapest.hu\/wp-content\/uploads\/2018\/12\/screenshot_20181221-154953_gallery-e1628197114183-768x609.jpg 768w, https:\/\/gaysaunabudapest.hu\/wp-content\/uploads\/2018\/12\/screenshot_20181221-154953_gallery-e1628197114183-1024x812.jpg 1024w\" sizes=\"(max-width: 301px) 100vw, 301px\" \/><\/p>\n<p>Da li voli\u0161 klizavo? Da li ti smeta ako je malo tamnije? Onda je ovo mesto za tebe! Mi c\u0301emo stvoriti penu i atmosferu zabave, a ti svoje inhibicije i odec\u0301u mora\u0161 ostaviti u garderobi! Sve ostalo ponesi sa sobom! Sve je dozvoljeno iznad i ispod pene! Avantura krec\u0301e!<\/p>\n","protected":false},"excerpt":{"rendered":"<p>Jednom mese\u010dno, ovog puta 23. septembra u 21 \u010dasova, uronimo u penu! Da li voli\u0161 klizavo? Da li ti smeta ako je malo tamnije? Onda je ovo mesto za tebe! Mi c\u0301emo stvoriti penu i atmosferu zabave, a ti svoje inhibicije i odec\u0301u mora\u0161 ostaviti u garderobi! Sve ostalo ponesi sa sobom! Sve je dozvoljeno [&hellip;]<\/p>\n","protected":false},"author":2,"featured_media":0,"parent":0,"menu_order":0,"comment_status":"closed","ping_status":"closed","template":"","meta":{"_acf_changed":false,"footnotes":""},"class_list":["post-2137","page","type-page","status-publish","hentry"],"acf":[],"yoast_head":"<!-- This site is optimized with the Yoast SEO Premium plugin v26.2 (Yoast SEO v27.4) - https:\/\/yoast.com\/product\/yoast-seo-premium-wordpress\/ -->\n<title>PENA PARTI! - Budapest Gay Sauna - Sauna69<\/title>\n<meta name=\"robots\" content=\"index, follow, max-snippet:-1, max-image-preview:large, max-video-preview:-1\" \/>\n<link rel=\"canonical\" href=\"https:\/\/gaysaunabudapest.hu\/sr\/pena-parti\/\" \/>\n<meta property=\"og:locale\" content=\"sr_RS\" \/>\n<meta property=\"og:type\" content=\"article\" \/>\n<meta property=\"og:title\" content=\"PENA PARTI!\" \/>\n<meta property=\"og:description\" content=\"Jednom mese\u010dno, ovog puta 23. septembra u 21 \u010dasova, uronimo u penu! Da li voli\u0161 klizavo? Da li ti smeta ako je malo tamnije? Onda je ovo mesto za tebe! Mi c\u0301emo stvoriti penu i atmosferu zabave, a ti svoje inhibicije i odec\u0301u mora\u0161 ostaviti u garderobi! Sve ostalo ponesi sa sobom! Sve je dozvoljeno [&hellip;]\" \/>\n<meta property=\"og:url\" content=\"https:\/\/gaysaunabudapest.hu\/sr\/pena-parti\/\" \/>\n<meta property=\"og:site_name\" content=\"Budapest Gay Sauna - Sauna69\" \/>\n<meta property=\"article:modified_time\" content=\"2022-09-21T20:03:12+00:00\" \/>\n<meta property=\"og:image\" content=\"https:\/\/gaysaunabudapest.hu\/wp-content\/uploads\/2018\/12\/screenshot_20181221-154953_gallery-e1628197114183.jpg\" \/>\n<meta name=\"twitter:card\" content=\"summary_large_image\" \/>\n<script type=\"application\/ld+json\" class=\"yoast-schema-graph\">{\"@context\":\"https:\\\/\\\/schema.org\",\"@graph\":[{\"@type\":\"WebPage\",\"@id\":\"https:\\\/\\\/gaysaunabudapest.hu\\\/sr\\\/pena-parti\\\/\",\"url\":\"https:\\\/\\\/gaysaunabudapest.hu\\\/sr\\\/pena-parti\\\/\",\"name\":\"PENA PARTI! - Budapest Gay Sauna - Sauna69\",\"isPartOf\":{\"@id\":\"https:\\\/\\\/gaysaunabudapest.hu\\\/sr\\\/#website\"},\"primaryImageOfPage\":{\"@id\":\"https:\\\/\\\/gaysaunabudapest.hu\\\/sr\\\/pena-parti\\\/#primaryimage\"},\"image\":{\"@id\":\"https:\\\/\\\/gaysaunabudapest.hu\\\/sr\\\/pena-parti\\\/#primaryimage\"},\"thumbnailUrl\":\"https:\\\/\\\/gaysaunabudapest.hu\\\/wp-content\\\/uploads\\\/2018\\\/12\\\/screenshot_20181221-154953_gallery-e1628197114183.jpg\",\"datePublished\":\"2021-08-02T16:20:09+00:00\",\"dateModified\":\"2022-09-21T20:03:12+00:00\",\"breadcrumb\":{\"@id\":\"https:\\\/\\\/gaysaunabudapest.hu\\\/sr\\\/pena-parti\\\/#breadcrumb\"},\"inLanguage\":\"sr-RS\",\"potentialAction\":[{\"@type\":\"ReadAction\",\"target\":[\"https:\\\/\\\/gaysaunabudapest.hu\\\/sr\\\/pena-parti\\\/\"]}]},{\"@type\":\"ImageObject\",\"inLanguage\":\"sr-RS\",\"@id\":\"https:\\\/\\\/gaysaunabudapest.hu\\\/sr\\\/pena-parti\\\/#primaryimage\",\"url\":\"https:\\\/\\\/gaysaunabudapest.hu\\\/wp-content\\\/uploads\\\/2018\\\/12\\\/screenshot_20181221-154953_gallery-e1628197114183.jpg\",\"contentUrl\":\"https:\\\/\\\/gaysaunabudapest.hu\\\/wp-content\\\/uploads\\\/2018\\\/12\\\/screenshot_20181221-154953_gallery-e1628197114183.jpg\"},{\"@type\":\"BreadcrumbList\",\"@id\":\"https:\\\/\\\/gaysaunabudapest.hu\\\/sr\\\/pena-parti\\\/#breadcrumb\",\"itemListElement\":[{\"@type\":\"ListItem\",\"position\":1,\"name\":\"Home\",\"item\":\"https:\\\/\\\/gaysaunabudapest.hu\\\/sr\\\/\"},{\"@type\":\"ListItem\",\"position\":2,\"name\":\"PENA PARTI!\"}]},{\"@type\":\"WebSite\",\"@id\":\"https:\\\/\\\/gaysaunabudapest.hu\\\/sr\\\/#website\",\"url\":\"https:\\\/\\\/gaysaunabudapest.hu\\\/sr\\\/\",\"name\":\"Budapest Gay Sauna - Sauna69\",\"description\":\"\",\"potentialAction\":[{\"@type\":\"SearchAction\",\"target\":{\"@type\":\"EntryPoint\",\"urlTemplate\":\"https:\\\/\\\/gaysaunabudapest.hu\\\/sr\\\/?s={search_term_string}\"},\"query-input\":{\"@type\":\"PropertyValueSpecification\",\"valueRequired\":true,\"valueName\":\"search_term_string\"}}],\"inLanguage\":\"sr-RS\"}]}<\/script>\n<!-- \/ Yoast SEO Premium plugin. -->","yoast_head_json":{"title":"PENA PARTI! - Budapest Gay Sauna - Sauna69","robots":{"index":"index","follow":"follow","max-snippet":"max-snippet:-1","max-image-preview":"max-image-preview:large","max-video-preview":"max-video-preview:-1"},"canonical":"https:\/\/gaysaunabudapest.hu\/sr\/pena-parti\/","og_locale":"sr_RS","og_type":"article","og_title":"PENA PARTI!","og_description":"Jednom mese\u010dno, ovog puta 23. septembra u 21 \u010dasova, uronimo u penu! Da li voli\u0161 klizavo? Da li ti smeta ako je malo tamnije? Onda je ovo mesto za tebe! Mi c\u0301emo stvoriti penu i atmosferu zabave, a ti svoje inhibicije i odec\u0301u mora\u0161 ostaviti u garderobi! Sve ostalo ponesi sa sobom! Sve je dozvoljeno [&hellip;]","og_url":"https:\/\/gaysaunabudapest.hu\/sr\/pena-parti\/","og_site_name":"Budapest Gay Sauna - Sauna69","article_modified_time":"2022-09-21T20:03:12+00:00","og_image":[{"url":"https:\/\/gaysaunabudapest.hu\/wp-content\/uploads\/2018\/12\/screenshot_20181221-154953_gallery-e1628197114183.jpg","type":"","width":"","height":""}],"twitter_card":"summary_large_image","schema":{"@context":"https:\/\/schema.org","@graph":[{"@type":"WebPage","@id":"https:\/\/gaysaunabudapest.hu\/sr\/pena-parti\/","url":"https:\/\/gaysaunabudapest.hu\/sr\/pena-parti\/","name":"PENA PARTI! - Budapest Gay Sauna - Sauna69","isPartOf":{"@id":"https:\/\/gaysaunabudapest.hu\/sr\/#website"},"primaryImageOfPage":{"@id":"https:\/\/gaysaunabudapest.hu\/sr\/pena-parti\/#primaryimage"},"image":{"@id":"https:\/\/gaysaunabudapest.hu\/sr\/pena-parti\/#primaryimage"},"thumbnailUrl":"https:\/\/gaysaunabudapest.hu\/wp-content\/uploads\/2018\/12\/screenshot_20181221-154953_gallery-e1628197114183.jpg","datePublished":"2021-08-02T16:20:09+00:00","dateModified":"2022-09-21T20:03:12+00:00","breadcrumb":{"@id":"https:\/\/gaysaunabudapest.hu\/sr\/pena-parti\/#breadcrumb"},"inLanguage":"sr-RS","potentialAction":[{"@type":"ReadAction","target":["https:\/\/gaysaunabudapest.hu\/sr\/pena-parti\/"]}]},{"@type":"ImageObject","inLanguage":"sr-RS","@id":"https:\/\/gaysaunabudapest.hu\/sr\/pena-parti\/#primaryimage","url":"https:\/\/gaysaunabudapest.hu\/wp-content\/uploads\/2018\/12\/screenshot_20181221-154953_gallery-e1628197114183.jpg","contentUrl":"https:\/\/gaysaunabudapest.hu\/wp-content\/uploads\/2018\/12\/screenshot_20181221-154953_gallery-e1628197114183.jpg"},{"@type":"BreadcrumbList","@id":"https:\/\/gaysaunabudapest.hu\/sr\/pena-parti\/#breadcrumb","itemListElement":[{"@type":"ListItem","position":1,"name":"Home","item":"https:\/\/gaysaunabudapest.hu\/sr\/"},{"@type":"ListItem","position":2,"name":"PENA PARTI!"}]},{"@type":"WebSite","@id":"https:\/\/gaysaunabudapest.hu\/sr\/#website","url":"https:\/\/gaysaunabudapest.hu\/sr\/","name":"Budapest Gay Sauna - Sauna69","description":"","potentialAction":[{"@type":"SearchAction","target":{"@type":"EntryPoint","urlTemplate":"https:\/\/gaysaunabudapest.hu\/sr\/?s={search_term_string}"},"query-input":{"@type":"PropertyValueSpecification","valueRequired":true,"valueName":"search_term_string"}}],"inLanguage":"sr-RS"}]}},"_links":{"self":[{"href":"https:\/\/gaysaunabudapest.hu\/sr\/wp-json\/wp\/v2\/pages\/2137","targetHints":{"allow":["GET"]}}],"collection":[{"href":"https:\/\/gaysaunabudapest.hu\/sr\/wp-json\/wp\/v2\/pages"}],"about":[{"href":"https:\/\/gaysaunabudapest.hu\/sr\/wp-json\/wp\/v2\/types\/page"}],"author":[{"embeddable":true,"href":"https:\/\/gaysaunabudapest.hu\/sr\/wp-json\/wp\/v2\/users\/2"}],"replies":[{"embeddable":true,"href":"https:\/\/gaysaunabudapest.hu\/sr\/wp-json\/wp\/v2\/comments?post=2137"}],"version-history":[{"count":19,"href":"https:\/\/gaysaunabudapest.hu\/sr\/wp-json\/wp\/v2\/pages\/2137\/revisions"}],"predecessor-version":[{"id":2854,"href":"https:\/\/gaysaunabudapest.hu\/sr\/wp-json\/wp\/v2\/pages\/2137\/revisions\/2854"}],"wp:attachment":[{"href":"https:\/\/gaysaunabudapest.hu\/sr\/wp-json\/wp\/v2\/media?parent=2137"}],"curies":[{"name":"wp","href":"https:\/\/api.w.org\/{rel}","templated":true}]}}