{"id":2163,"date":"2021-08-07T14:03:29","date_gmt":"2021-08-07T14:03:29","guid":{"rendered":"https:\/\/gaysaunabudapest.hu\/?page_id=2163"},"modified":"2025-01-11T18:13:49","modified_gmt":"2025-01-11T18:13:49","slug":"gola-noc","status":"publish","type":"page","link":"https:\/\/gaysaunabudapest.hu\/sr\/gola-noc\/","title":{"rendered":"GOLA NOC\u0301!"},"content":{"rendered":"<p><img decoding=\"async\" class=\"size-full wp-image-1939 alignright\" src=\"https:\/\/gaysaunabudapest.hu\/wp-content\/uploads\/2021\/05\/naked_idopont_nelkul.jpg\" alt=\"\" width=\"495\" height=\"228\" srcset=\"https:\/\/gaysaunabudapest.hu\/wp-content\/uploads\/2021\/05\/naked_idopont_nelkul.jpg 495w, https:\/\/gaysaunabudapest.hu\/wp-content\/uploads\/2021\/05\/naked_idopont_nelkul-300x138.jpg 300w\" sizes=\"(max-width: 495px) 100vw, 495px\" \/>Ponovo smo pokrenuli subotom na\u0161 doga\u0111aj Naked Night (Golu no\u0107), sa po\u010detkom u 19:00. Baci dole sve, ne treba ti odec\u0301a ili pe\u0161kir!<\/p>\n<p>Poka\u017ei sve \u0161to ima\u0161! Ove noc\u0301i spu\u0161tamo svetla da stvari budu malo skrivene, ali i dalje uzbudljive.<\/p>\n<p>Ipak, ponesi svoje \u017eelje, svoje feti\u0161e, budi hrabar, ali ne toliko hrabar da to drugi shvate kao uznemiravanje. Zna\u0161, sve je dozvoljeno, ali ni\u0161ta nije obavezno!<\/p>\n","protected":false},"excerpt":{"rendered":"<p>Ponovo smo pokrenuli subotom na\u0161 doga\u0111aj Naked Night (Golu no\u0107), sa po\u010detkom u 19:00. Baci dole sve, ne treba ti odec\u0301a ili pe\u0161kir! Poka\u017ei sve \u0161to ima\u0161! Ove noc\u0301i spu\u0161tamo svetla da stvari budu malo skrivene, ali i dalje uzbudljive. Ipak, ponesi svoje \u017eelje, svoje feti\u0161e, budi hrabar, ali ne toliko hrabar da to drugi [&hellip;]<\/p>\n","protected":false},"author":2,"featured_media":0,"parent":0,"menu_order":0,"comment_status":"closed","ping_status":"closed","template":"","meta":{"_acf_changed":false,"footnotes":""},"class_list":["post-2163","page","type-page","status-publish","hentry"],"acf":[],"yoast_head":"<!-- This site is optimized with the Yoast SEO Premium plugin v26.2 (Yoast SEO v27.4) - https:\/\/yoast.com\/product\/yoast-seo-premium-wordpress\/ -->\n<title>GOLA NOC\u0301! - Budapest Gay Sauna - Sauna69<\/title>\n<meta name=\"robots\" content=\"index, follow, max-snippet:-1, max-image-preview:large, max-video-preview:-1\" \/>\n<link rel=\"canonical\" href=\"https:\/\/gaysaunabudapest.hu\/sr\/gola-noc\/\" \/>\n<meta property=\"og:locale\" content=\"sr_RS\" \/>\n<meta property=\"og:type\" content=\"article\" \/>\n<meta property=\"og:title\" content=\"GOLA NOC\u0301!\" \/>\n<meta property=\"og:description\" content=\"Ponovo smo pokrenuli subotom na\u0161 doga\u0111aj Naked Night (Golu no\u0107), sa po\u010detkom u 19:00. Baci dole sve, ne treba ti odec\u0301a ili pe\u0161kir! Poka\u017ei sve \u0161to ima\u0161! Ove noc\u0301i spu\u0161tamo svetla da stvari budu malo skrivene, ali i dalje uzbudljive. Ipak, ponesi svoje \u017eelje, svoje feti\u0161e, budi hrabar, ali ne toliko hrabar da to drugi [&hellip;]\" \/>\n<meta property=\"og:url\" content=\"https:\/\/gaysaunabudapest.hu\/sr\/gola-noc\/\" \/>\n<meta property=\"og:site_name\" content=\"Budapest Gay Sauna - Sauna69\" \/>\n<meta property=\"article:modified_time\" content=\"2025-01-11T18:13:49+00:00\" \/>\n<meta property=\"og:image\" content=\"https:\/\/gaysaunabudapest.hu\/wp-content\/uploads\/2021\/05\/naked_idopont_nelkul.jpg\" \/>\n\t<meta property=\"og:image:width\" content=\"495\" \/>\n\t<meta property=\"og:image:height\" content=\"228\" \/>\n\t<meta property=\"og:image:type\" content=\"image\/jpeg\" \/>\n<meta name=\"twitter:card\" content=\"summary_large_image\" \/>\n<meta name=\"twitter:label1\" content=\"\u041f\u0440\u043e\u0446\u0435\u045a\u0435\u043d\u043e \u0432\u0440\u0435\u043c\u0435 \u0447\u0438\u0442\u0430\u045a\u0430\" \/>\n\t<meta name=\"twitter:data1\" content=\"1 \u043c\u0438\u043d\u0443\u0442\" \/>\n<script type=\"application\/ld+json\" class=\"yoast-schema-graph\">{\"@context\":\"https:\\\/\\\/schema.org\",\"@graph\":[{\"@type\":\"WebPage\",\"@id\":\"https:\\\/\\\/gaysaunabudapest.hu\\\/sr\\\/gola-noc\\\/\",\"url\":\"https:\\\/\\\/gaysaunabudapest.hu\\\/sr\\\/gola-noc\\\/\",\"name\":\"GOLA NOC\u0301! - Budapest Gay Sauna - Sauna69\",\"isPartOf\":{\"@id\":\"https:\\\/\\\/gaysaunabudapest.hu\\\/sr\\\/#website\"},\"primaryImageOfPage\":{\"@id\":\"https:\\\/\\\/gaysaunabudapest.hu\\\/sr\\\/gola-noc\\\/#primaryimage\"},\"image\":{\"@id\":\"https:\\\/\\\/gaysaunabudapest.hu\\\/sr\\\/gola-noc\\\/#primaryimage\"},\"thumbnailUrl\":\"https:\\\/\\\/gaysaunabudapest.hu\\\/wp-content\\\/uploads\\\/2021\\\/05\\\/naked_idopont_nelkul.jpg\",\"datePublished\":\"2021-08-07T14:03:29+00:00\",\"dateModified\":\"2025-01-11T18:13:49+00:00\",\"breadcrumb\":{\"@id\":\"https:\\\/\\\/gaysaunabudapest.hu\\\/sr\\\/gola-noc\\\/#breadcrumb\"},\"inLanguage\":\"sr-RS\",\"potentialAction\":[{\"@type\":\"ReadAction\",\"target\":[\"https:\\\/\\\/gaysaunabudapest.hu\\\/sr\\\/gola-noc\\\/\"]}]},{\"@type\":\"ImageObject\",\"inLanguage\":\"sr-RS\",\"@id\":\"https:\\\/\\\/gaysaunabudapest.hu\\\/sr\\\/gola-noc\\\/#primaryimage\",\"url\":\"https:\\\/\\\/gaysaunabudapest.hu\\\/wp-content\\\/uploads\\\/2021\\\/05\\\/naked_idopont_nelkul.jpg\",\"contentUrl\":\"https:\\\/\\\/gaysaunabudapest.hu\\\/wp-content\\\/uploads\\\/2021\\\/05\\\/naked_idopont_nelkul.jpg\"},{\"@type\":\"BreadcrumbList\",\"@id\":\"https:\\\/\\\/gaysaunabudapest.hu\\\/sr\\\/gola-noc\\\/#breadcrumb\",\"itemListElement\":[{\"@type\":\"ListItem\",\"position\":1,\"name\":\"Home\",\"item\":\"https:\\\/\\\/gaysaunabudapest.hu\\\/sr\\\/\"},{\"@type\":\"ListItem\",\"position\":2,\"name\":\"GOLA NOC\u0301!\"}]},{\"@type\":\"WebSite\",\"@id\":\"https:\\\/\\\/gaysaunabudapest.hu\\\/sr\\\/#website\",\"url\":\"https:\\\/\\\/gaysaunabudapest.hu\\\/sr\\\/\",\"name\":\"Budapest Gay Sauna - Sauna69\",\"description\":\"\",\"potentialAction\":[{\"@type\":\"SearchAction\",\"target\":{\"@type\":\"EntryPoint\",\"urlTemplate\":\"https:\\\/\\\/gaysaunabudapest.hu\\\/sr\\\/?s={search_term_string}\"},\"query-input\":{\"@type\":\"PropertyValueSpecification\",\"valueRequired\":true,\"valueName\":\"search_term_string\"}}],\"inLanguage\":\"sr-RS\"}]}<\/script>\n<!-- \/ Yoast SEO Premium plugin. -->","yoast_head_json":{"title":"GOLA NOC\u0301! - Budapest Gay Sauna - Sauna69","robots":{"index":"index","follow":"follow","max-snippet":"max-snippet:-1","max-image-preview":"max-image-preview:large","max-video-preview":"max-video-preview:-1"},"canonical":"https:\/\/gaysaunabudapest.hu\/sr\/gola-noc\/","og_locale":"sr_RS","og_type":"article","og_title":"GOLA NOC\u0301!","og_description":"Ponovo smo pokrenuli subotom na\u0161 doga\u0111aj Naked Night (Golu no\u0107), sa po\u010detkom u 19:00. Baci dole sve, ne treba ti odec\u0301a ili pe\u0161kir! Poka\u017ei sve \u0161to ima\u0161! Ove noc\u0301i spu\u0161tamo svetla da stvari budu malo skrivene, ali i dalje uzbudljive. Ipak, ponesi svoje \u017eelje, svoje feti\u0161e, budi hrabar, ali ne toliko hrabar da to drugi [&hellip;]","og_url":"https:\/\/gaysaunabudapest.hu\/sr\/gola-noc\/","og_site_name":"Budapest Gay Sauna - Sauna69","article_modified_time":"2025-01-11T18:13:49+00:00","og_image":[{"width":495,"height":228,"url":"https:\/\/gaysaunabudapest.hu\/wp-content\/uploads\/2021\/05\/naked_idopont_nelkul.jpg","type":"image\/jpeg"}],"twitter_card":"summary_large_image","twitter_misc":{"\u041f\u0440\u043e\u0446\u0435\u045a\u0435\u043d\u043e \u0432\u0440\u0435\u043c\u0435 \u0447\u0438\u0442\u0430\u045a\u0430":"1 \u043c\u0438\u043d\u0443\u0442"},"schema":{"@context":"https:\/\/schema.org","@graph":[{"@type":"WebPage","@id":"https:\/\/gaysaunabudapest.hu\/sr\/gola-noc\/","url":"https:\/\/gaysaunabudapest.hu\/sr\/gola-noc\/","name":"GOLA NOC\u0301! - Budapest Gay Sauna - Sauna69","isPartOf":{"@id":"https:\/\/gaysaunabudapest.hu\/sr\/#website"},"primaryImageOfPage":{"@id":"https:\/\/gaysaunabudapest.hu\/sr\/gola-noc\/#primaryimage"},"image":{"@id":"https:\/\/gaysaunabudapest.hu\/sr\/gola-noc\/#primaryimage"},"thumbnailUrl":"https:\/\/gaysaunabudapest.hu\/wp-content\/uploads\/2021\/05\/naked_idopont_nelkul.jpg","datePublished":"2021-08-07T14:03:29+00:00","dateModified":"2025-01-11T18:13:49+00:00","breadcrumb":{"@id":"https:\/\/gaysaunabudapest.hu\/sr\/gola-noc\/#breadcrumb"},"inLanguage":"sr-RS","potentialAction":[{"@type":"ReadAction","target":["https:\/\/gaysaunabudapest.hu\/sr\/gola-noc\/"]}]},{"@type":"ImageObject","inLanguage":"sr-RS","@id":"https:\/\/gaysaunabudapest.hu\/sr\/gola-noc\/#primaryimage","url":"https:\/\/gaysaunabudapest.hu\/wp-content\/uploads\/2021\/05\/naked_idopont_nelkul.jpg","contentUrl":"https:\/\/gaysaunabudapest.hu\/wp-content\/uploads\/2021\/05\/naked_idopont_nelkul.jpg"},{"@type":"BreadcrumbList","@id":"https:\/\/gaysaunabudapest.hu\/sr\/gola-noc\/#breadcrumb","itemListElement":[{"@type":"ListItem","position":1,"name":"Home","item":"https:\/\/gaysaunabudapest.hu\/sr\/"},{"@type":"ListItem","position":2,"name":"GOLA NOC\u0301!"}]},{"@type":"WebSite","@id":"https:\/\/gaysaunabudapest.hu\/sr\/#website","url":"https:\/\/gaysaunabudapest.hu\/sr\/","name":"Budapest Gay Sauna - Sauna69","description":"","potentialAction":[{"@type":"SearchAction","target":{"@type":"EntryPoint","urlTemplate":"https:\/\/gaysaunabudapest.hu\/sr\/?s={search_term_string}"},"query-input":{"@type":"PropertyValueSpecification","valueRequired":true,"valueName":"search_term_string"}}],"inLanguage":"sr-RS"}]}},"_links":{"self":[{"href":"https:\/\/gaysaunabudapest.hu\/sr\/wp-json\/wp\/v2\/pages\/2163","targetHints":{"allow":["GET"]}}],"collection":[{"href":"https:\/\/gaysaunabudapest.hu\/sr\/wp-json\/wp\/v2\/pages"}],"about":[{"href":"https:\/\/gaysaunabudapest.hu\/sr\/wp-json\/wp\/v2\/types\/page"}],"author":[{"embeddable":true,"href":"https:\/\/gaysaunabudapest.hu\/sr\/wp-json\/wp\/v2\/users\/2"}],"replies":[{"embeddable":true,"href":"https:\/\/gaysaunabudapest.hu\/sr\/wp-json\/wp\/v2\/comments?post=2163"}],"version-history":[{"count":8,"href":"https:\/\/gaysaunabudapest.hu\/sr\/wp-json\/wp\/v2\/pages\/2163\/revisions"}],"predecessor-version":[{"id":4030,"href":"https:\/\/gaysaunabudapest.hu\/sr\/wp-json\/wp\/v2\/pages\/2163\/revisions\/4030"}],"wp:attachment":[{"href":"https:\/\/gaysaunabudapest.hu\/sr\/wp-json\/wp\/v2\/media?parent=2163"}],"curies":[{"name":"wp","href":"https:\/\/api.w.org\/{rel}","templated":true}]}}