{"id":881,"date":"2016-07-10T17:09:53","date_gmt":"2016-07-10T15:09:53","guid":{"rendered":"https:\/\/gaysaunabudapest.hu\/cene\/"},"modified":"2025-11-29T19:38:11","modified_gmt":"2025-11-29T18:38:11","slug":"cene","status":"publish","type":"page","link":"https:\/\/gaysaunabudapest.hu\/sr\/cene\/","title":{"rendered":"Cene"},"content":{"rendered":"<h2>Cene bez klub kartice<\/h2>\n<table border=\"0\" cellspacing=\"0\" cellpadding=\"0\">\n<tbody>\n<tr>\n<td class=\"blueTxt\" width=\"180\"><strong>7,500,- Ft (\u20ac 22)<br \/>\n<\/strong><\/td>\n<td>(iznad 25 godina)<\/td>\n<\/tr>\n<tr>\n<td class=\"blueTxt\" width=\"150\"><strong>5.000,- Ft (\u20ac 14) <\/strong><\/td>\n<td>(do 25 godina)<\/td>\n<\/tr>\n<\/tbody>\n<\/table>\n<h2>Cene sa klub karticom<\/h2>\n<table border=\"0\" cellspacing=\"0\" cellpadding=\"0\">\n<tbody>\n<tr>\n<td class=\"blueTxt\" width=\"150\"><strong>12.000,- Ft (\u20ac 36) <\/strong><\/td>\n<td>(Godi\u0161nja registracija)<\/td>\n<\/tr>\n<tr>\n<td class=\"blueTxt\" width=\"180\"><strong>\u00a0 4500,- Ft (\u20ac 13) <\/strong><\/td>\n<td>(iznad 25 godina)<\/td>\n<\/tr>\n<tr>\n<td class=\"blueTxt\" width=\"150\"><strong>\u00a0 2.900,- Ft (\u20ac 8) <\/strong><\/td>\n<td>(do 25 godina)<\/td>\n<\/tr>\n<\/tbody>\n<\/table>\n<h2>Masa\u017ea<\/h2>\n<table border=\"0\" cellspacing=\"0\" cellpadding=\"0\">\n<tbody>\n<tr>\n<td><span class=\"orangeTxt\">Sportska masa\u017ea 13.000,- Ft (\u20ac 37)<\/span><\/td>\n<td>(40 minutna duboko-tkivna, sna\u017ena masa\u017ea)<\/td>\n<\/tr>\n<\/tbody>\n<\/table>\n<table border=\"0\" cellspacing=\"0\" cellpadding=\"0\">\n<tbody>\n<tr>\n<td>\u0160vedska masa\u017ea 9.000,- Ft (\u20ac 26)<\/td>\n<td>(Osve\u017eavaju\u0107a, 30 minutna relaksaciona masa\u017ea)<\/td>\n<\/tr>\n<\/tbody>\n<\/table>\n<table border=\"0\" cellspacing=\"0\" cellpadding=\"0\">\n<tbody>\n<tr>\n<td>\u0160vedska masa\u017ea 10.000,- Ft (\u20ac 29)<\/td>\n<td>(Osve\u017eavaju\u0107a, 45 minutna relaksaciona masa\u017ea)<\/td>\n<\/tr>\n<\/tbody>\n<\/table>\n<table border=\"0\" cellspacing=\"0\" cellpadding=\"0\">\n<tbody>\n<tr>\n<td>\u0160vedska masa\u017ea 11.000,- Ft (\u20ac 32)<\/td>\n<td>(Osve\u017eavaju\u0107a, 60 minutna relaksaciona masa\u017ea)<\/td>\n<\/tr>\n<\/tbody>\n<\/table>\n<h2 class=\"yellowTxt\">Solarijum<\/h2>\n<table border=\"0\" cellspacing=\"0\" cellpadding=\"0\">\n<tbody>\n<tr>\n<td>5 minuta 600 Ft (\u20ac 1,5)<\/td>\n<td>(Solarium Ergoline &#8211; EU 0,3 solarne cevi)<\/td>\n<\/tr>\n<\/tbody>\n<\/table>\n<p><strong>Svi ostali popusti su dostupni sa klub karticom.<\/strong><br \/>\nUlaznica obuhvata 1 komad pe\u0161kira i par papu\u010da.<br \/>\nExtra pe\u0161kir: 500 Ft (\u20ac 1,50)<br \/>\nPovratak: Va\u017ee\u010da aktuelnog dana ko\u0161ta 800 Ft (\u20ac 2,50) i obuhvata 1 pe\u0161kir i par papu\u010da.<br \/>\nKarte sa popustom prazni\u010dnim danima NE VA\u017dE<\/p>\n<h2>Pogodnosti sa klub karticom:<\/h2>\n<ul>\n<li>Cena sa popustom<\/li>\n<li>Sesta kupljena karta u pola cene<\/li>\n<li>Dvanaesta kupljena karta besplatna<\/li>\n<\/ul>\n<h2>Nojbolje vreme za posetu saune:<\/h2>\n<p>Svaki dan izmedju 17:00 i 22:00<\/p>\n","protected":false},"excerpt":{"rendered":"<p>Cene bez klub kartice 7,500,- Ft (\u20ac 22) (iznad 25 godina) 5.000,- Ft (\u20ac 14) (do 25 godina) Cene sa klub karticom 12.000,- Ft (\u20ac 36) (Godi\u0161nja registracija) \u00a0 4500,- Ft (\u20ac 13) (iznad 25 godina) \u00a0 2.900,- Ft (\u20ac 8) (do 25 godina) Masa\u017ea Sportska masa\u017ea 13.000,- Ft (\u20ac 37) (40 minutna duboko-tkivna, sna\u017ena [&hellip;]<\/p>\n","protected":false},"author":1,"featured_media":0,"parent":0,"menu_order":0,"comment_status":"closed","ping_status":"closed","template":"page-arak.php","meta":{"_acf_changed":false,"footnotes":""},"class_list":["post-881","page","type-page","status-publish","hentry"],"acf":[],"yoast_head":"<!-- This site is optimized with the Yoast SEO Premium plugin v26.2 (Yoast SEO v27.4) - https:\/\/yoast.com\/product\/yoast-seo-premium-wordpress\/ -->\n<title>Cene - Budapest Gay Sauna - Sauna69<\/title>\n<meta name=\"robots\" content=\"index, follow, max-snippet:-1, max-image-preview:large, max-video-preview:-1\" \/>\n<link rel=\"canonical\" href=\"https:\/\/gaysaunabudapest.hu\/sr\/cene\/\" \/>\n<meta property=\"og:locale\" content=\"sr_RS\" \/>\n<meta property=\"og:type\" content=\"article\" \/>\n<meta property=\"og:title\" content=\"Cene\" \/>\n<meta property=\"og:description\" content=\"Cene bez klub kartice 7,500,- Ft (\u20ac 22) (iznad 25 godina) 5.000,- Ft (\u20ac 14) (do 25 godina) Cene sa klub karticom 12.000,- Ft (\u20ac 36) (Godi\u0161nja registracija) \u00a0 4500,- Ft (\u20ac 13) (iznad 25 godina) \u00a0 2.900,- Ft (\u20ac 8) (do 25 godina) Masa\u017ea Sportska masa\u017ea 13.000,- Ft (\u20ac 37) (40 minutna duboko-tkivna, sna\u017ena [&hellip;]\" \/>\n<meta property=\"og:url\" content=\"https:\/\/gaysaunabudapest.hu\/sr\/cene\/\" \/>\n<meta property=\"og:site_name\" content=\"Budapest Gay Sauna - Sauna69\" \/>\n<meta property=\"article:modified_time\" content=\"2025-11-29T18:38:11+00:00\" \/>\n<meta name=\"twitter:card\" content=\"summary_large_image\" \/>\n<meta name=\"twitter:label1\" content=\"\u041f\u0440\u043e\u0446\u0435\u045a\u0435\u043d\u043e \u0432\u0440\u0435\u043c\u0435 \u0447\u0438\u0442\u0430\u045a\u0430\" \/>\n\t<meta name=\"twitter:data1\" content=\"1 \u043c\u0438\u043d\u0443\u0442\" \/>\n<script type=\"application\/ld+json\" class=\"yoast-schema-graph\">{\"@context\":\"https:\\\/\\\/schema.org\",\"@graph\":[{\"@type\":\"WebPage\",\"@id\":\"https:\\\/\\\/gaysaunabudapest.hu\\\/sr\\\/cene\\\/\",\"url\":\"https:\\\/\\\/gaysaunabudapest.hu\\\/sr\\\/cene\\\/\",\"name\":\"Cene - Budapest Gay Sauna - Sauna69\",\"isPartOf\":{\"@id\":\"https:\\\/\\\/gaysaunabudapest.hu\\\/sr\\\/#website\"},\"datePublished\":\"2016-07-10T15:09:53+00:00\",\"dateModified\":\"2025-11-29T18:38:11+00:00\",\"breadcrumb\":{\"@id\":\"https:\\\/\\\/gaysaunabudapest.hu\\\/sr\\\/cene\\\/#breadcrumb\"},\"inLanguage\":\"sr-RS\",\"potentialAction\":[{\"@type\":\"ReadAction\",\"target\":[\"https:\\\/\\\/gaysaunabudapest.hu\\\/sr\\\/cene\\\/\"]}]},{\"@type\":\"BreadcrumbList\",\"@id\":\"https:\\\/\\\/gaysaunabudapest.hu\\\/sr\\\/cene\\\/#breadcrumb\",\"itemListElement\":[{\"@type\":\"ListItem\",\"position\":1,\"name\":\"Home\",\"item\":\"https:\\\/\\\/gaysaunabudapest.hu\\\/sr\\\/\"},{\"@type\":\"ListItem\",\"position\":2,\"name\":\"Cene\"}]},{\"@type\":\"WebSite\",\"@id\":\"https:\\\/\\\/gaysaunabudapest.hu\\\/sr\\\/#website\",\"url\":\"https:\\\/\\\/gaysaunabudapest.hu\\\/sr\\\/\",\"name\":\"Budapest Gay Sauna - Sauna69\",\"description\":\"\",\"potentialAction\":[{\"@type\":\"SearchAction\",\"target\":{\"@type\":\"EntryPoint\",\"urlTemplate\":\"https:\\\/\\\/gaysaunabudapest.hu\\\/sr\\\/?s={search_term_string}\"},\"query-input\":{\"@type\":\"PropertyValueSpecification\",\"valueRequired\":true,\"valueName\":\"search_term_string\"}}],\"inLanguage\":\"sr-RS\"}]}<\/script>\n<!-- \/ Yoast SEO Premium plugin. -->","yoast_head_json":{"title":"Cene - Budapest Gay Sauna - Sauna69","robots":{"index":"index","follow":"follow","max-snippet":"max-snippet:-1","max-image-preview":"max-image-preview:large","max-video-preview":"max-video-preview:-1"},"canonical":"https:\/\/gaysaunabudapest.hu\/sr\/cene\/","og_locale":"sr_RS","og_type":"article","og_title":"Cene","og_description":"Cene bez klub kartice 7,500,- Ft (\u20ac 22) (iznad 25 godina) 5.000,- Ft (\u20ac 14) (do 25 godina) Cene sa klub karticom 12.000,- Ft (\u20ac 36) (Godi\u0161nja registracija) \u00a0 4500,- Ft (\u20ac 13) (iznad 25 godina) \u00a0 2.900,- Ft (\u20ac 8) (do 25 godina) Masa\u017ea Sportska masa\u017ea 13.000,- Ft (\u20ac 37) (40 minutna duboko-tkivna, sna\u017ena [&hellip;]","og_url":"https:\/\/gaysaunabudapest.hu\/sr\/cene\/","og_site_name":"Budapest Gay Sauna - Sauna69","article_modified_time":"2025-11-29T18:38:11+00:00","twitter_card":"summary_large_image","twitter_misc":{"\u041f\u0440\u043e\u0446\u0435\u045a\u0435\u043d\u043e \u0432\u0440\u0435\u043c\u0435 \u0447\u0438\u0442\u0430\u045a\u0430":"1 \u043c\u0438\u043d\u0443\u0442"},"schema":{"@context":"https:\/\/schema.org","@graph":[{"@type":"WebPage","@id":"https:\/\/gaysaunabudapest.hu\/sr\/cene\/","url":"https:\/\/gaysaunabudapest.hu\/sr\/cene\/","name":"Cene - Budapest Gay Sauna - Sauna69","isPartOf":{"@id":"https:\/\/gaysaunabudapest.hu\/sr\/#website"},"datePublished":"2016-07-10T15:09:53+00:00","dateModified":"2025-11-29T18:38:11+00:00","breadcrumb":{"@id":"https:\/\/gaysaunabudapest.hu\/sr\/cene\/#breadcrumb"},"inLanguage":"sr-RS","potentialAction":[{"@type":"ReadAction","target":["https:\/\/gaysaunabudapest.hu\/sr\/cene\/"]}]},{"@type":"BreadcrumbList","@id":"https:\/\/gaysaunabudapest.hu\/sr\/cene\/#breadcrumb","itemListElement":[{"@type":"ListItem","position":1,"name":"Home","item":"https:\/\/gaysaunabudapest.hu\/sr\/"},{"@type":"ListItem","position":2,"name":"Cene"}]},{"@type":"WebSite","@id":"https:\/\/gaysaunabudapest.hu\/sr\/#website","url":"https:\/\/gaysaunabudapest.hu\/sr\/","name":"Budapest Gay Sauna - Sauna69","description":"","potentialAction":[{"@type":"SearchAction","target":{"@type":"EntryPoint","urlTemplate":"https:\/\/gaysaunabudapest.hu\/sr\/?s={search_term_string}"},"query-input":{"@type":"PropertyValueSpecification","valueRequired":true,"valueName":"search_term_string"}}],"inLanguage":"sr-RS"}]}},"_links":{"self":[{"href":"https:\/\/gaysaunabudapest.hu\/sr\/wp-json\/wp\/v2\/pages\/881","targetHints":{"allow":["GET"]}}],"collection":[{"href":"https:\/\/gaysaunabudapest.hu\/sr\/wp-json\/wp\/v2\/pages"}],"about":[{"href":"https:\/\/gaysaunabudapest.hu\/sr\/wp-json\/wp\/v2\/types\/page"}],"author":[{"embeddable":true,"href":"https:\/\/gaysaunabudapest.hu\/sr\/wp-json\/wp\/v2\/users\/1"}],"replies":[{"embeddable":true,"href":"https:\/\/gaysaunabudapest.hu\/sr\/wp-json\/wp\/v2\/comments?post=881"}],"version-history":[{"count":17,"href":"https:\/\/gaysaunabudapest.hu\/sr\/wp-json\/wp\/v2\/pages\/881\/revisions"}],"predecessor-version":[{"id":4188,"href":"https:\/\/gaysaunabudapest.hu\/sr\/wp-json\/wp\/v2\/pages\/881\/revisions\/4188"}],"wp:attachment":[{"href":"https:\/\/gaysaunabudapest.hu\/sr\/wp-json\/wp\/v2\/media?parent=881"}],"curies":[{"name":"wp","href":"https:\/\/api.w.org\/{rel}","templated":true}]}}