{"id":897,"date":"2016-07-10T17:13:20","date_gmt":"2016-07-10T17:13:20","guid":{"rendered":"https:\/\/gaysaunabudapest.hu\/kapcsolat\/"},"modified":"2024-06-03T19:28:52","modified_gmt":"2024-06-03T19:28:52","slug":"kontakt","status":"publish","type":"page","link":"https:\/\/gaysaunabudapest.hu\/sr\/kontakt\/","title":{"rendered":"Kontakt\/Radno vreme"},"content":{"rendered":"<p>TELEFON<br \/>\n<span style=\"font-size: 35px; color: #fff;\">+36.1.210.1751<\/span><\/p>\n<p>Ne prihvatamo rezervaciju za masa\u017eu putem telefona ili mejla.<br \/>\nMolimo te da rezervi\u0161e\u0161 na tvom dolasku na recepciji.<br \/>\nHvala na razumevanju<\/p>\n<h3>PI\u0160I NAM!<\/h3>\n\n<div class=\"wpcf7 no-js\" id=\"wpcf7-f242-o1\" lang=\"sr-SR\" dir=\"ltr\" data-wpcf7-id=\"242\">\n<div class=\"screen-reader-response\"><p role=\"status\" aria-live=\"polite\" aria-atomic=\"true\"><\/p> <ul><\/ul><\/div>\n<form action=\"\/sr\/wp-json\/wp\/v2\/pages\/897#wpcf7-f242-o1\" method=\"post\" class=\"wpcf7-form init\" aria-label=\"Contact form\" novalidate=\"novalidate\" data-status=\"init\">\n<fieldset class=\"hidden-fields-container\"><input type=\"hidden\" name=\"_wpcf7\" value=\"242\" \/><input type=\"hidden\" name=\"_wpcf7_version\" value=\"6.1.5\" \/><input type=\"hidden\" name=\"_wpcf7_locale\" value=\"sr_SR\" \/><input type=\"hidden\" name=\"_wpcf7_unit_tag\" value=\"wpcf7-f242-o1\" \/><input type=\"hidden\" name=\"_wpcf7_container_post\" value=\"0\" \/><input type=\"hidden\" name=\"_wpcf7_posted_data_hash\" value=\"\" \/><input type=\"hidden\" name=\"_wpcf7_recaptcha_response\" value=\"\" \/>\n<\/fieldset>\n<p><span class=\"wpcf7-form-control-wrap\" data-name=\"your-name\"><input size=\"40\" maxlength=\"400\" class=\"wpcf7-form-control wpcf7-text wpcf7-validates-as-required\" aria-required=\"true\" aria-invalid=\"false\" placeholder=\"Ime\" value=\"\" type=\"text\" name=\"your-name\" \/><\/span>\n<\/p>\n<p><span class=\"wpcf7-form-control-wrap\" data-name=\"your-email\"><input size=\"40\" maxlength=\"400\" class=\"wpcf7-form-control wpcf7-email wpcf7-validates-as-required wpcf7-text wpcf7-validates-as-email\" aria-required=\"true\" aria-invalid=\"false\" placeholder=\"Email adresa\" value=\"\" type=\"email\" name=\"your-email\" \/><\/span>\n<\/p>\n<p><span class=\"wpcf7-form-control-wrap\" data-name=\"your-message\"><textarea cols=\"40\" rows=\"10\" maxlength=\"2000\" class=\"wpcf7-form-control wpcf7-textarea\" aria-invalid=\"false\" placeholder=\"Poruka\" name=\"your-message\"><\/textarea><\/span>\n<\/p>\n<p><span class=\"wpcf7-form-control-wrap\" data-name=\"quiz-435\"><label><span class=\"wpcf7-quiz-label\">1+1=?<\/span> <input size=\"40\" maxlength=\"1\" class=\"wpcf7-form-control wpcf7-quiz\" autocomplete=\"off\" aria-required=\"true\" aria-invalid=\"false\" type=\"text\" name=\"quiz-435\" \/><\/label><input type=\"hidden\" name=\"_wpcf7_quiz_answer_quiz-435\" value=\"6fe16b8c6a97a3efe2c33a2393717081\" \/><\/span>\n<\/p>\n<p id=\"warning\">Ako ne dobije\u0161 kopiju poruke, pogre\u0161no si uneo svoju email adresu.\n<\/p>\n<p><input class=\"wpcf7-form-control wpcf7-submit has-spinner\" type=\"submit\" value=\"Po\u0161alji\" \/>\n<\/p><div class=\"wpcf7-response-output\" aria-hidden=\"true\"><\/div>\n<\/form>\n<\/div>\n\n<h3>ADRESA<\/h3>\n<p>Budimpe\u0161ta, IX. kvart, Angyal ulica br. 2.<\/p>\n<p>Mo\u017eete koristiti tranvaj br. 4-6 iz Mester ulice.<br \/>\nNo\u0107ni tramvaj br. 2 i no\u0107ni autobus br. 15 sa Bor\u00e1ros trga, odnosno M3 metro, i 950 i 950.<br \/>\nA no\u0107ni autobusi sa stanice Corvin negyed.<\/p>\n<h2>RADNO VREME<\/h2>\n<p>Od nedelje do \u010detvrtka:\u00a0 14:00 &#8211; 24:00<br \/>\nPetak:\u00a0 \u00a0 \u00a0 \u00a0 \u00a0 \u00a0 \u00a0 \u00a0 \u00a0 \u00a0 \u00a0 \u00a0 \u00a0 \u00a0 \u00a0 \u00a0 \u00a014:00 &#8211; 02:00<br \/>\nSubota:\u00a0 \u00a0 \u00a0 \u00a0 \u00a0 \u00a0 \u00a0 \u00a0 \u00a0 \u00a0 \u00a0 \u00a0 \u00a0 \u00a0 \u00a0 14:00 &#8211; 04:00<\/p>\n","protected":false},"excerpt":{"rendered":"<p>TELEFON +36.1.210.1751 Ne prihvatamo rezervaciju za masa\u017eu putem telefona ili mejla. Molimo te da rezervi\u0161e\u0161 na tvom dolasku na recepciji. Hvala na razumevanju PI\u0160I NAM! ADRESA Budimpe\u0161ta, IX. kvart, Angyal ulica br. 2. Mo\u017eete koristiti tranvaj br. 4-6 iz Mester ulice. No\u0107ni tramvaj br. 2 i no\u0107ni autobus br. 15 sa Bor\u00e1ros trga, odnosno M3 [&hellip;]<\/p>\n","protected":false},"author":1,"featured_media":0,"parent":0,"menu_order":0,"comment_status":"closed","ping_status":"closed","template":"page-kapcsolat.php","meta":{"_acf_changed":false,"footnotes":""},"class_list":["post-897","page","type-page","status-publish","hentry"],"acf":[],"yoast_head":"<!-- This site is optimized with the Yoast SEO Premium plugin v26.2 (Yoast SEO v27.4) - https:\/\/yoast.com\/product\/yoast-seo-premium-wordpress\/ -->\n<title>Kontakt\/Radno vreme - Budapest Gay Sauna - Sauna69<\/title>\n<meta name=\"robots\" content=\"index, follow, max-snippet:-1, max-image-preview:large, max-video-preview:-1\" \/>\n<link rel=\"canonical\" href=\"https:\/\/gaysaunabudapest.hu\/sr\/kontakt\/\" \/>\n<meta property=\"og:locale\" content=\"sr_RS\" \/>\n<meta property=\"og:type\" content=\"article\" \/>\n<meta property=\"og:title\" content=\"Kontakt\/Radno vreme\" \/>\n<meta property=\"og:description\" content=\"TELEFON +36.1.210.1751 Ne prihvatamo rezervaciju za masa\u017eu putem telefona ili mejla. Molimo te da rezervi\u0161e\u0161 na tvom dolasku na recepciji. Hvala na razumevanju PI\u0160I NAM! ADRESA Budimpe\u0161ta, IX. kvart, Angyal ulica br. 2. Mo\u017eete koristiti tranvaj br. 4-6 iz Mester ulice. No\u0107ni tramvaj br. 2 i no\u0107ni autobus br. 15 sa Bor\u00e1ros trga, odnosno M3 [&hellip;]\" \/>\n<meta property=\"og:url\" content=\"https:\/\/gaysaunabudapest.hu\/sr\/kontakt\/\" \/>\n<meta property=\"og:site_name\" content=\"Budapest Gay Sauna - Sauna69\" \/>\n<meta property=\"article:modified_time\" content=\"2024-06-03T19:28:52+00:00\" \/>\n<meta name=\"twitter:card\" content=\"summary_large_image\" \/>\n<meta name=\"twitter:label1\" content=\"\u041f\u0440\u043e\u0446\u0435\u045a\u0435\u043d\u043e \u0432\u0440\u0435\u043c\u0435 \u0447\u0438\u0442\u0430\u045a\u0430\" \/>\n\t<meta name=\"twitter:data1\" content=\"1 \u043c\u0438\u043d\u0443\u0442\" \/>\n<script type=\"application\/ld+json\" class=\"yoast-schema-graph\">{\"@context\":\"https:\\\/\\\/schema.org\",\"@graph\":[{\"@type\":\"WebPage\",\"@id\":\"https:\\\/\\\/gaysaunabudapest.hu\\\/sr\\\/kontakt\\\/\",\"url\":\"https:\\\/\\\/gaysaunabudapest.hu\\\/sr\\\/kontakt\\\/\",\"name\":\"Kontakt\\\/Radno vreme - Budapest Gay Sauna - Sauna69\",\"isPartOf\":{\"@id\":\"https:\\\/\\\/gaysaunabudapest.hu\\\/sr\\\/#website\"},\"datePublished\":\"2016-07-10T17:13:20+00:00\",\"dateModified\":\"2024-06-03T19:28:52+00:00\",\"breadcrumb\":{\"@id\":\"https:\\\/\\\/gaysaunabudapest.hu\\\/sr\\\/kontakt\\\/#breadcrumb\"},\"inLanguage\":\"sr-RS\",\"potentialAction\":[{\"@type\":\"ReadAction\",\"target\":[\"https:\\\/\\\/gaysaunabudapest.hu\\\/sr\\\/kontakt\\\/\"]}]},{\"@type\":\"BreadcrumbList\",\"@id\":\"https:\\\/\\\/gaysaunabudapest.hu\\\/sr\\\/kontakt\\\/#breadcrumb\",\"itemListElement\":[{\"@type\":\"ListItem\",\"position\":1,\"name\":\"Home\",\"item\":\"https:\\\/\\\/gaysaunabudapest.hu\\\/sr\\\/\"},{\"@type\":\"ListItem\",\"position\":2,\"name\":\"Kontakt\\\/Radno vreme\"}]},{\"@type\":\"WebSite\",\"@id\":\"https:\\\/\\\/gaysaunabudapest.hu\\\/sr\\\/#website\",\"url\":\"https:\\\/\\\/gaysaunabudapest.hu\\\/sr\\\/\",\"name\":\"Budapest Gay Sauna - Sauna69\",\"description\":\"\",\"potentialAction\":[{\"@type\":\"SearchAction\",\"target\":{\"@type\":\"EntryPoint\",\"urlTemplate\":\"https:\\\/\\\/gaysaunabudapest.hu\\\/sr\\\/?s={search_term_string}\"},\"query-input\":{\"@type\":\"PropertyValueSpecification\",\"valueRequired\":true,\"valueName\":\"search_term_string\"}}],\"inLanguage\":\"sr-RS\"}]}<\/script>\n<!-- \/ Yoast SEO Premium plugin. -->","yoast_head_json":{"title":"Kontakt\/Radno vreme - Budapest Gay Sauna - Sauna69","robots":{"index":"index","follow":"follow","max-snippet":"max-snippet:-1","max-image-preview":"max-image-preview:large","max-video-preview":"max-video-preview:-1"},"canonical":"https:\/\/gaysaunabudapest.hu\/sr\/kontakt\/","og_locale":"sr_RS","og_type":"article","og_title":"Kontakt\/Radno vreme","og_description":"TELEFON +36.1.210.1751 Ne prihvatamo rezervaciju za masa\u017eu putem telefona ili mejla. Molimo te da rezervi\u0161e\u0161 na tvom dolasku na recepciji. Hvala na razumevanju PI\u0160I NAM! ADRESA Budimpe\u0161ta, IX. kvart, Angyal ulica br. 2. Mo\u017eete koristiti tranvaj br. 4-6 iz Mester ulice. No\u0107ni tramvaj br. 2 i no\u0107ni autobus br. 15 sa Bor\u00e1ros trga, odnosno M3 [&hellip;]","og_url":"https:\/\/gaysaunabudapest.hu\/sr\/kontakt\/","og_site_name":"Budapest Gay Sauna - Sauna69","article_modified_time":"2024-06-03T19:28:52+00:00","twitter_card":"summary_large_image","twitter_misc":{"\u041f\u0440\u043e\u0446\u0435\u045a\u0435\u043d\u043e \u0432\u0440\u0435\u043c\u0435 \u0447\u0438\u0442\u0430\u045a\u0430":"1 \u043c\u0438\u043d\u0443\u0442"},"schema":{"@context":"https:\/\/schema.org","@graph":[{"@type":"WebPage","@id":"https:\/\/gaysaunabudapest.hu\/sr\/kontakt\/","url":"https:\/\/gaysaunabudapest.hu\/sr\/kontakt\/","name":"Kontakt\/Radno vreme - Budapest Gay Sauna - Sauna69","isPartOf":{"@id":"https:\/\/gaysaunabudapest.hu\/sr\/#website"},"datePublished":"2016-07-10T17:13:20+00:00","dateModified":"2024-06-03T19:28:52+00:00","breadcrumb":{"@id":"https:\/\/gaysaunabudapest.hu\/sr\/kontakt\/#breadcrumb"},"inLanguage":"sr-RS","potentialAction":[{"@type":"ReadAction","target":["https:\/\/gaysaunabudapest.hu\/sr\/kontakt\/"]}]},{"@type":"BreadcrumbList","@id":"https:\/\/gaysaunabudapest.hu\/sr\/kontakt\/#breadcrumb","itemListElement":[{"@type":"ListItem","position":1,"name":"Home","item":"https:\/\/gaysaunabudapest.hu\/sr\/"},{"@type":"ListItem","position":2,"name":"Kontakt\/Radno vreme"}]},{"@type":"WebSite","@id":"https:\/\/gaysaunabudapest.hu\/sr\/#website","url":"https:\/\/gaysaunabudapest.hu\/sr\/","name":"Budapest Gay Sauna - Sauna69","description":"","potentialAction":[{"@type":"SearchAction","target":{"@type":"EntryPoint","urlTemplate":"https:\/\/gaysaunabudapest.hu\/sr\/?s={search_term_string}"},"query-input":{"@type":"PropertyValueSpecification","valueRequired":true,"valueName":"search_term_string"}}],"inLanguage":"sr-RS"}]}},"_links":{"self":[{"href":"https:\/\/gaysaunabudapest.hu\/sr\/wp-json\/wp\/v2\/pages\/897","targetHints":{"allow":["GET"]}}],"collection":[{"href":"https:\/\/gaysaunabudapest.hu\/sr\/wp-json\/wp\/v2\/pages"}],"about":[{"href":"https:\/\/gaysaunabudapest.hu\/sr\/wp-json\/wp\/v2\/types\/page"}],"author":[{"embeddable":true,"href":"https:\/\/gaysaunabudapest.hu\/sr\/wp-json\/wp\/v2\/users\/1"}],"replies":[{"embeddable":true,"href":"https:\/\/gaysaunabudapest.hu\/sr\/wp-json\/wp\/v2\/comments?post=897"}],"version-history":[{"count":11,"href":"https:\/\/gaysaunabudapest.hu\/sr\/wp-json\/wp\/v2\/pages\/897\/revisions"}],"predecessor-version":[{"id":3815,"href":"https:\/\/gaysaunabudapest.hu\/sr\/wp-json\/wp\/v2\/pages\/897\/revisions\/3815"}],"wp:attachment":[{"href":"https:\/\/gaysaunabudapest.hu\/sr\/wp-json\/wp\/v2\/media?parent=897"}],"curies":[{"name":"wp","href":"https:\/\/api.w.org\/{rel}","templated":true}]}}