{"id":901,"date":"2016-07-10T17:16:19","date_gmt":"2016-07-10T17:16:19","guid":{"rendered":"https:\/\/gaysaunabudapest.hu\/rolunk\/"},"modified":"2020-01-17T18:55:27","modified_gmt":"2020-01-17T18:55:27","slug":"o-nama","status":"publish","type":"page","link":"https:\/\/gaysaunabudapest.hu\/sr\/o-nama\/","title":{"rendered":"O nama"},"content":{"rendered":"<p><strong>Gay Sauna<\/strong>69\u2122 je najomiljenija <strong>gay sauna<\/strong> u <strong>Budimpe\u0161ti<\/strong>. Osnovana je 2004 godine.<\/p>\n<p>Cilj nam je bio da osnujemo jedno sigurno mesto, gde \u0107e se <strong>gay<\/strong> gosti i biseksualci dobro ose\u0107ati i biti bezbedni. Jedno takvo mesto, gde pod maksimalnim higijenskim uslovima mogu odr\u017eavati svoju li\u010dnu higijenu.<\/p>\n<p>Jednu takvu saunu gde niko ne prodaje &#8222;ma\u010dku u d\u017eaku&#8220;, ne dotura slike stare 10 i vi\u0161e godina kao na stranicama za upoznavanje, nego se osoba mo\u017ee videti u svom stvarnom &#8222;izdanju&#8220; i ako hemija proradi, i dodje do uzajamne simpatije, onda se mo\u017ee sva\u0161ta dogoditi kod ovog susreta.<\/p>\n<p>U slu\u010daju da tra\u017ei\u0161 samo jednodnevnu <strong>gay<\/strong> vezu za sex, <strong>sauna<\/strong> i to omogu\u0107ava, ali nije isklju\u010dena mogu\u0107nost da sretne\u0161 svog do\u017eivotnog partnera.<\/p>\n<p>\u0160to je jako va\u017eno, sve se mo\u017ee, ali ni\u0161ta se ne mora!<\/p>\n<p>Sigurno ima takvih koji vole mra\u010dne parkove, to ih uzbudjuje, ali dali \u010dovek mora da reskira svoj \u017eivot, dali treba da se izla\u017ee mopasnosti? Ne verujem , da je to neophodno! Mnogo je BEZBEDNIJE I PRIJATNIJE ako svoje vreme provede\u0161 u okrugu <strong>SAUNE69\u2122<\/strong>.<\/p>\n<p>Ima\u0161 mogu\u010dnosti:<\/p>\n<ul>\n<li>da koristi\u0161 saunu,<\/li>\n<li>da koristi\u0161 paru,<\/li>\n<li>da koristi\u0161 infra saunu,<\/li>\n<li>da relaksira\u0161 u bazenu,<\/li>\n<li>da koristi\u0161 salarijum,<\/li>\n<li>da koristi\u0161 neku od kabina za odmor<\/li>\n<\/ul>\n<p>Ili ako nema\u0161 volju za gore navedenu ponudu, provedi vreme u baru uz TV.<\/p>\n<p>Ako si o\u017eedneo, ogladneo u na\u0161em baru \u010deka te \u0161iroka ponuda hrane i pi\u0107a: alkoholna i bezalkoholna, osve\u017eavaju\u0107a pi\u0107a, sokovi, kafa, \u010daj, sendvi\u010di, pizze.<\/p>\n<p>Ako jo\u0161 nisi bio kod Nas, dobro nam do\u0161ao, ako si ve\u0107 bio kod Nas onda te ponovno srda\u010dno do\u010dekujemo.<\/p>\n","protected":false},"excerpt":{"rendered":"<p>Gay Sauna69\u2122 je najomiljenija gay sauna u Budimpe\u0161ti. Osnovana je 2004 godine. Cilj nam je bio da osnujemo jedno sigurno mesto, gde \u0107e se gay gosti i biseksualci dobro ose\u0107ati i biti bezbedni. Jedno takvo mesto, gde pod maksimalnim higijenskim uslovima mogu odr\u017eavati svoju li\u010dnu higijenu. Jednu takvu saunu gde niko ne prodaje &#8222;ma\u010dku u [&hellip;]<\/p>\n","protected":false},"author":1,"featured_media":0,"parent":0,"menu_order":0,"comment_status":"closed","ping_status":"closed","template":"","meta":{"_acf_changed":false,"footnotes":""},"class_list":["post-901","page","type-page","status-publish","hentry"],"acf":[],"yoast_head":"<!-- This site is optimized with the Yoast SEO Premium plugin v26.2 (Yoast SEO v27.4) - https:\/\/yoast.com\/product\/yoast-seo-premium-wordpress\/ -->\n<title>O nama - Budapest Gay Sauna - Sauna69<\/title>\n<meta name=\"robots\" content=\"index, follow, max-snippet:-1, max-image-preview:large, max-video-preview:-1\" \/>\n<link rel=\"canonical\" href=\"https:\/\/gaysaunabudapest.hu\/sr\/o-nama\/\" \/>\n<meta property=\"og:locale\" content=\"sr_RS\" \/>\n<meta property=\"og:type\" content=\"article\" \/>\n<meta property=\"og:title\" content=\"O nama\" \/>\n<meta property=\"og:description\" content=\"Gay Sauna69\u2122 je najomiljenija gay sauna u Budimpe\u0161ti. Osnovana je 2004 godine. Cilj nam je bio da osnujemo jedno sigurno mesto, gde \u0107e se gay gosti i biseksualci dobro ose\u0107ati i biti bezbedni. Jedno takvo mesto, gde pod maksimalnim higijenskim uslovima mogu odr\u017eavati svoju li\u010dnu higijenu. Jednu takvu saunu gde niko ne prodaje &#8222;ma\u010dku u [&hellip;]\" \/>\n<meta property=\"og:url\" content=\"https:\/\/gaysaunabudapest.hu\/sr\/o-nama\/\" \/>\n<meta property=\"og:site_name\" content=\"Budapest Gay Sauna - Sauna69\" \/>\n<meta property=\"article:modified_time\" content=\"2020-01-17T18:55:27+00:00\" \/>\n<meta name=\"twitter:card\" content=\"summary_large_image\" \/>\n<meta name=\"twitter:label1\" content=\"\u041f\u0440\u043e\u0446\u0435\u045a\u0435\u043d\u043e \u0432\u0440\u0435\u043c\u0435 \u0447\u0438\u0442\u0430\u045a\u0430\" \/>\n\t<meta name=\"twitter:data1\" content=\"1 \u043c\u0438\u043d\u0443\u0442\" \/>\n<script type=\"application\/ld+json\" class=\"yoast-schema-graph\">{\"@context\":\"https:\\\/\\\/schema.org\",\"@graph\":[{\"@type\":\"WebPage\",\"@id\":\"https:\\\/\\\/gaysaunabudapest.hu\\\/sr\\\/o-nama\\\/\",\"url\":\"https:\\\/\\\/gaysaunabudapest.hu\\\/sr\\\/o-nama\\\/\",\"name\":\"O nama - Budapest Gay Sauna - Sauna69\",\"isPartOf\":{\"@id\":\"https:\\\/\\\/gaysaunabudapest.hu\\\/sr\\\/#website\"},\"datePublished\":\"2016-07-10T17:16:19+00:00\",\"dateModified\":\"2020-01-17T18:55:27+00:00\",\"breadcrumb\":{\"@id\":\"https:\\\/\\\/gaysaunabudapest.hu\\\/sr\\\/o-nama\\\/#breadcrumb\"},\"inLanguage\":\"sr-RS\",\"potentialAction\":[{\"@type\":\"ReadAction\",\"target\":[\"https:\\\/\\\/gaysaunabudapest.hu\\\/sr\\\/o-nama\\\/\"]}]},{\"@type\":\"BreadcrumbList\",\"@id\":\"https:\\\/\\\/gaysaunabudapest.hu\\\/sr\\\/o-nama\\\/#breadcrumb\",\"itemListElement\":[{\"@type\":\"ListItem\",\"position\":1,\"name\":\"Home\",\"item\":\"https:\\\/\\\/gaysaunabudapest.hu\\\/sr\\\/\"},{\"@type\":\"ListItem\",\"position\":2,\"name\":\"O nama\"}]},{\"@type\":\"WebSite\",\"@id\":\"https:\\\/\\\/gaysaunabudapest.hu\\\/sr\\\/#website\",\"url\":\"https:\\\/\\\/gaysaunabudapest.hu\\\/sr\\\/\",\"name\":\"Budapest Gay Sauna - Sauna69\",\"description\":\"\",\"potentialAction\":[{\"@type\":\"SearchAction\",\"target\":{\"@type\":\"EntryPoint\",\"urlTemplate\":\"https:\\\/\\\/gaysaunabudapest.hu\\\/sr\\\/?s={search_term_string}\"},\"query-input\":{\"@type\":\"PropertyValueSpecification\",\"valueRequired\":true,\"valueName\":\"search_term_string\"}}],\"inLanguage\":\"sr-RS\"}]}<\/script>\n<!-- \/ Yoast SEO Premium plugin. -->","yoast_head_json":{"title":"O nama - Budapest Gay Sauna - Sauna69","robots":{"index":"index","follow":"follow","max-snippet":"max-snippet:-1","max-image-preview":"max-image-preview:large","max-video-preview":"max-video-preview:-1"},"canonical":"https:\/\/gaysaunabudapest.hu\/sr\/o-nama\/","og_locale":"sr_RS","og_type":"article","og_title":"O nama","og_description":"Gay Sauna69\u2122 je najomiljenija gay sauna u Budimpe\u0161ti. Osnovana je 2004 godine. Cilj nam je bio da osnujemo jedno sigurno mesto, gde \u0107e se gay gosti i biseksualci dobro ose\u0107ati i biti bezbedni. Jedno takvo mesto, gde pod maksimalnim higijenskim uslovima mogu odr\u017eavati svoju li\u010dnu higijenu. Jednu takvu saunu gde niko ne prodaje &#8222;ma\u010dku u [&hellip;]","og_url":"https:\/\/gaysaunabudapest.hu\/sr\/o-nama\/","og_site_name":"Budapest Gay Sauna - Sauna69","article_modified_time":"2020-01-17T18:55:27+00:00","twitter_card":"summary_large_image","twitter_misc":{"\u041f\u0440\u043e\u0446\u0435\u045a\u0435\u043d\u043e \u0432\u0440\u0435\u043c\u0435 \u0447\u0438\u0442\u0430\u045a\u0430":"1 \u043c\u0438\u043d\u0443\u0442"},"schema":{"@context":"https:\/\/schema.org","@graph":[{"@type":"WebPage","@id":"https:\/\/gaysaunabudapest.hu\/sr\/o-nama\/","url":"https:\/\/gaysaunabudapest.hu\/sr\/o-nama\/","name":"O nama - Budapest Gay Sauna - Sauna69","isPartOf":{"@id":"https:\/\/gaysaunabudapest.hu\/sr\/#website"},"datePublished":"2016-07-10T17:16:19+00:00","dateModified":"2020-01-17T18:55:27+00:00","breadcrumb":{"@id":"https:\/\/gaysaunabudapest.hu\/sr\/o-nama\/#breadcrumb"},"inLanguage":"sr-RS","potentialAction":[{"@type":"ReadAction","target":["https:\/\/gaysaunabudapest.hu\/sr\/o-nama\/"]}]},{"@type":"BreadcrumbList","@id":"https:\/\/gaysaunabudapest.hu\/sr\/o-nama\/#breadcrumb","itemListElement":[{"@type":"ListItem","position":1,"name":"Home","item":"https:\/\/gaysaunabudapest.hu\/sr\/"},{"@type":"ListItem","position":2,"name":"O nama"}]},{"@type":"WebSite","@id":"https:\/\/gaysaunabudapest.hu\/sr\/#website","url":"https:\/\/gaysaunabudapest.hu\/sr\/","name":"Budapest Gay Sauna - Sauna69","description":"","potentialAction":[{"@type":"SearchAction","target":{"@type":"EntryPoint","urlTemplate":"https:\/\/gaysaunabudapest.hu\/sr\/?s={search_term_string}"},"query-input":{"@type":"PropertyValueSpecification","valueRequired":true,"valueName":"search_term_string"}}],"inLanguage":"sr-RS"}]}},"_links":{"self":[{"href":"https:\/\/gaysaunabudapest.hu\/sr\/wp-json\/wp\/v2\/pages\/901","targetHints":{"allow":["GET"]}}],"collection":[{"href":"https:\/\/gaysaunabudapest.hu\/sr\/wp-json\/wp\/v2\/pages"}],"about":[{"href":"https:\/\/gaysaunabudapest.hu\/sr\/wp-json\/wp\/v2\/types\/page"}],"author":[{"embeddable":true,"href":"https:\/\/gaysaunabudapest.hu\/sr\/wp-json\/wp\/v2\/users\/1"}],"replies":[{"embeddable":true,"href":"https:\/\/gaysaunabudapest.hu\/sr\/wp-json\/wp\/v2\/comments?post=901"}],"version-history":[{"count":1,"href":"https:\/\/gaysaunabudapest.hu\/sr\/wp-json\/wp\/v2\/pages\/901\/revisions"}],"predecessor-version":[{"id":1011,"href":"https:\/\/gaysaunabudapest.hu\/sr\/wp-json\/wp\/v2\/pages\/901\/revisions\/1011"}],"wp:attachment":[{"href":"https:\/\/gaysaunabudapest.hu\/sr\/wp-json\/wp\/v2\/media?parent=901"}],"curies":[{"name":"wp","href":"https:\/\/api.w.org\/{rel}","templated":true}]}}